{"id":706,"date":"2018-04-30T09:23:21","date_gmt":"2018-04-30T09:23:21","guid":{"rendered":"https:\/\/flobian.com\/protiv-nadutosti\/"},"modified":"2025-07-23T13:20:26","modified_gmt":"2025-07-23T13:20:26","slug":"remedio-para-la-inflamacion-intestinal","status":"publish","type":"page","link":"https:\/\/flobian.com\/es\/remedio-para-la-inflamacion-intestinal\/","title":{"rendered":"Flobian \u2013 remedio natural contra la inflamaci\u00f3n"},"content":{"rendered":"<p>[et_pb_section fb_built=\u00bb1&#8243; admin_label=\u00bbsection\u00bb _builder_version=\u00bb4.16&#8243; global_colors_info=\u00bb{}\u00bb][et_pb_row admin_label=\u00bbrow\u00bb _builder_version=\u00bb4.16&#8243; background_size=\u00bbinitial\u00bb background_position=\u00bbtop_left\u00bb background_repeat=\u00bbrepeat\u00bb global_colors_info=\u00bb{}\u00bb][et_pb_column type=\u00bb4_4&#8243; _builder_version=\u00bb4.16&#8243; custom_padding=\u00bb|||\u00bb global_colors_info=\u00bb{}\u00bb custom_padding__hover=\u00bb|||\u00bb][et_pb_blurb title=\u00bbFlobian \u2013 remedio natural contra la inflamaci\u00f3n\u00bb content_max_width=\u00bb1100px\u00bb _builder_version=\u00bb4.16&#8243; header_level=\u00bbh1&#8243; header_font=\u00bb||||||||\u00bb header_text_align=\u00bbcenter\u00bb header_font_size=\u00bb44px\u00bb global_colors_info=\u00bb{}\u00bb][\/et_pb_blurb][\/et_pb_column][\/et_pb_row][et_pb_row admin_label=\u00bbrow\u00bb _builder_version=\u00bb4.16&#8243; background_size=\u00bbinitial\u00bb background_position=\u00bbtop_left\u00bb background_repeat=\u00bbrepeat\u00bb global_colors_info=\u00bb{}\u00bb column_structure=\u00bb1_3,2_3&#8243;][et_pb_column type=\u00bb1_3&#8243; _builder_version=\u00bb4.16&#8243; custom_padding=\u00bb|||\u00bb global_colors_info=\u00bb{}\u00bb custom_padding__hover=\u00bb|||\u00bb][et_pb_image src=\u00bb\/wp-content\/uploads\/2018\/05\/Flobian-prirodno-resenje-protiv-nadutosti.png\u00bb align_tablet=\u00bbcenter\u00bb align_last_edited=\u00bbon|desktop\u00bb _builder_version=\u00bb4.16&#8243; global_colors_info=\u00bb{}\u00bb align_phone=\u00bbcenter\u00bb][\/et_pb_image][\/et_pb_column][et_pb_column type=\u00bb2_3&#8243; _builder_version=\u00bb4.16&#8243; custom_padding=\u00bb|||\u00bb global_colors_info=\u00bb{}\u00bb custom_padding__hover=\u00bb|||\u00bb][et_pb_blurb title=\u00bbRemedio natural para la inflamaci\u00f3n\u00bb content_max_width=\u00bb1100px\u00bb _builder_version=\u00bb4.16&#8243; header_level=\u00bbh2&#8243; header_font=\u00bb||||||||\u00bb header_text_color=\u00bb#00662d\u00bb header_font_size=\u00bb37px\u00bb global_colors_info=\u00bb{}\u00bb][\/et_pb_blurb][et_pb_blurb title=\u00bbFlobian \u2013 alivia la inflamaci\u00f3n intestinal\u00bb content_max_width=\u00bb1100px\u00bb _builder_version=\u00bb4.16&#8243; header_level=\u00bbh3&#8243; header_font=\u00bb||||||||\u00bb header_text_color=\u00bb#333333&#8243; header_font_size=\u00bb22px\u00bb custom_margin=\u00bb5px|||\u00bb custom_padding=\u00bb5px|||\u00bb global_colors_info=\u00bb{}\u00bb]<\/p>\n<p><span>En la lucha contra\u00a0<\/span><strong>la inflamaci\u00f3n<\/strong><span>\u00a0y los gases,\u00a0Flobian<\/span><sup>\u00ae<\/sup><span>\u00a0trabaja directamente en la causa del problema. Un mecanismo especial patentado\u00a0<\/span><strong>impide la uni\u00f3n de bacterias da\u00f1inas<\/strong><span>\u00a0y sus efectos t\u00f3xicos. Esto\u00a0<\/span><strong>reduce la formaci\u00f3n<\/strong><span>\u00a0de gaseses.<\/span><\/p>\n<p>[\/et_pb_blurb][\/et_pb_column][\/et_pb_row][et_pb_row admin_label=\u00bbrow\u00bb _builder_version=\u00bb4.16&#8243; background_size=\u00bbinitial\u00bb background_position=\u00bbtop_left\u00bb background_repeat=\u00bbrepeat\u00bb global_colors_info=\u00bb{}\u00bb column_structure=\u00bb1_3,2_3&#8243;][et_pb_column type=\u00bb1_3&#8243; _builder_version=\u00bb4.16&#8243; custom_padding=\u00bb|||\u00bb global_colors_info=\u00bb{}\u00bb custom_padding__hover=\u00bb|||\u00bb][et_pb_image src=\u00bb\/wp-content\/uploads\/2018\/05\/kultura-lp299v-zastitna-barijera.png\u00bb align_tablet=\u00bbcenter\u00bb align_last_edited=\u00bbon|desktop\u00bb _builder_version=\u00bb4.16&#8243; global_colors_info=\u00bb{}\u00bb align_phone=\u00bbcenter\u00bb][\/et_pb_image][\/et_pb_column][et_pb_column type=\u00bb2_3&#8243; _builder_version=\u00bb4.16&#8243; custom_padding=\u00bb|||\u00bb global_colors_info=\u00bb{}\u00bb custom_padding__hover=\u00bb|||\u00bb][et_pb_blurb title=\u00bbBarrera protectora contra las bacterias da\u00f1inas\u00bb content_max_width=\u00bb1100px\u00bb _builder_version=\u00bb4.16&#8243; header_level=\u00bbh2&#8243; header_font=\u00bb||||||||\u00bb header_text_color=\u00bb#00662d\u00bb header_font_size=\u00bb37px\u00bb global_colors_info=\u00bb{}\u00bb][\/et_pb_blurb][et_pb_blurb title=\u00bbFlobian \u2013 protege al intestino\u00bb content_max_width=\u00bb1100px\u00bb _builder_version=\u00bb4.16&#8243; header_level=\u00bbh3&#8243; header_font=\u00bb||||||||\u00bb header_text_color=\u00bb#333333&#8243; header_font_size=\u00bb22px\u00bb custom_margin=\u00bb5px|||\u00bb custom_padding=\u00bb5px|||\u00bb global_colors_info=\u00bb{}\u00bb]<\/p>\n<div class=\"su-row\">\n<div class=\"su-column su-column-size-2-3\">\n<div class=\"su-column-inner su-clearfix\">\n<p>El <em>Lactiplantibacillus plantarum<\/em>\u00a0DSM 9843 tiene la capacidad de unirse fuertemente a unos receptores espec\u00edficos situados en la superficie de las c\u00e9lulas del intestino. De esta manera, Flobian\u00ae<span>\u00a0<\/span><strong>crea una barrera f\u00edsica que fortalece las paredes del intestino<\/strong><span>\u00a0<\/span>y dificulta el paso de las bacterias al cuerpo.<\/p>\n<\/div>\n<\/div>\n<\/div>\n<div class=\"su-row\">\n<div class=\"su-column su-column-size-1-3\"><\/div>\n<\/div>\n<p>[\/et_pb_blurb][\/et_pb_column][\/et_pb_row][et_pb_row admin_label=\u00bbrow\u00bb _builder_version=\u00bb4.16&#8243; background_size=\u00bbinitial\u00bb background_position=\u00bbtop_left\u00bb background_repeat=\u00bbrepeat\u00bb global_colors_info=\u00bb{}\u00bb column_structure=\u00bb1_3,2_3&#8243;][et_pb_column type=\u00bb1_3&#8243; _builder_version=\u00bb4.16&#8243; custom_padding=\u00bb|||\u00bb global_colors_info=\u00bb{}\u00bb custom_padding__hover=\u00bb|||\u00bb][et_pb_image src=\u00bb\/wp-content\/uploads\/2018\/05\/Ravnoteza-crevne-flore.png\u00bb align_tablet=\u00bbcenter\u00bb align_last_edited=\u00bbon|desktop\u00bb _builder_version=\u00bb4.16&#8243; global_colors_info=\u00bb{}\u00bb align_phone=\u00bbcenter\u00bb][\/et_pb_image][\/et_pb_column][et_pb_column type=\u00bb2_3&#8243; _builder_version=\u00bb4.16&#8243; custom_padding=\u00bb|||\u00bb global_colors_info=\u00bb{}\u00bb custom_padding__hover=\u00bb|||\u00bb][et_pb_blurb title=\u00bbBalance de la flora intestinal\u00bb content_max_width=\u00bb1100px\u00bb _builder_version=\u00bb4.16&#8243; header_level=\u00bbh2&#8243; header_font=\u00bb||||||||\u00bb header_text_color=\u00bb#00662d\u00bb header_font_size=\u00bb37px\u00bb global_colors_info=\u00bb{}\u00bb][\/et_pb_blurb][et_pb_blurb title=\u00bbFlobian \u2013 detine los gases\u00bb content_max_width=\u00bb1100px\u00bb _builder_version=\u00bb4.16&#8243; header_level=\u00bbh3&#8243; header_font=\u00bb||||||||\u00bb header_text_color=\u00bb#333333&#8243; header_font_size=\u00bb22px\u00bb custom_margin=\u00bb5px|||\u00bb custom_padding=\u00bb5px|||\u00bb global_colors_info=\u00bb{}\u00bb]<\/p>\n<div class=\"su-row\">\n<div class=\"su-column su-column-size-2-3\">\n<div class=\"su-column-inner su-clearfix\">\n<p>Al mismo tiempo, Flobian\u00ae<strong><span>\u00a0<\/span>estimula el crecimiento de otras bacterias \u00fatiles<\/strong>, creando as\u00ed diversidad biol\u00f3gica y un<span>\u00a0<\/span><strong>equilibrio en el intestino<\/strong>. Esto es esencial para el buen funcionamiento del tracto intestinal y la reducci\u00f3n de la inflamaci\u00f3n y el flujo g\u00e1strico en el est\u00f3mago.<\/p>\n<\/div>\n<\/div>\n<\/div>\n<div class=\"su-row\">\n<div class=\"su-column su-column-size-1-3\">\n<div class=\"su-column-inner su-clearfix\"><\/div>\n<\/div>\n<div class=\"su-column su-column-size-2-3\">\n<div class=\"su-column-inner su-clearfix\"><\/div>\n<\/div>\n<\/div>\n<p>[\/et_pb_blurb][\/et_pb_column][\/et_pb_row][et_pb_row admin_label=\u00bbrow\u00bb _builder_version=\u00bb4.16&#8243; background_size=\u00bbinitial\u00bb background_position=\u00bbtop_left\u00bb background_repeat=\u00bbrepeat\u00bb global_colors_info=\u00bb{}\u00bb column_structure=\u00bb1_3,2_3&#8243;][et_pb_column type=\u00bb1_3&#8243; _builder_version=\u00bb4.16&#8243; custom_padding=\u00bb|||\u00bb global_colors_info=\u00bb{}\u00bb custom_padding__hover=\u00bb|||\u00bb][et_pb_image src=\u00bb\/wp-content\/uploads\/2018\/05\/garantujemo-uspeh-ili-vracamo-novac.png\u00bb align_tablet=\u00bbcenter\u00bb align_last_edited=\u00bbon|desktop\u00bb _builder_version=\u00bb4.16&#8243; global_colors_info=\u00bb{}\u00bb align_phone=\u00bbcenter\u00bb][\/et_pb_image][\/et_pb_column][et_pb_column type=\u00bb2_3&#8243; _builder_version=\u00bb4.16&#8243; custom_padding=\u00bb|||\u00bb global_colors_info=\u00bb{}\u00bb custom_padding__hover=\u00bb|||\u00bb][et_pb_blurb title=\u00bbCalidad\u00bb content_max_width=\u00bb1100px\u00bb _builder_version=\u00bb4.16&#8243; header_level=\u00bbh2&#8243; header_font=\u00bb||||||||\u00bb header_text_color=\u00bb#00662d\u00bb header_font_size=\u00bb37px\u00bb global_colors_info=\u00bb{}\u00bb][\/et_pb_blurb][et_pb_blurb title=\u00bbFlobian \u2013 alivio garantizado\u00bb content_max_width=\u00bb1100px\u00bb _builder_version=\u00bb4.16&#8243; header_level=\u00bbh3&#8243; header_font=\u00bb||||||||\u00bb header_text_color=\u00bb#333333&#8243; header_font_size=\u00bb22px\u00bb custom_margin=\u00bb5px|||\u00bb custom_padding=\u00bb5px|||\u00bb global_colors_info=\u00bb{}\u00bb]<\/p>\n<div class=\"su-row\">\n<div class=\"su-column su-column-size-2-3\">\n<div class=\"su-column-inner su-clearfix\">\n<p><strong>25 a\u00f1os de investigaci\u00f3n y 60 estudios cient\u00edficos<\/strong><span>\u00a0<\/span>confirman la eficacia de Flobian\u00ae. Estos estudios han demostrado que Flobian\u00ae ayuda a reducir la hinchaz\u00f3n y el dolor abdominal g\u00e1strico. Cualquiera que utilice Flobian\u00ae de una manera adecuada tiene un<strong><span>\u00a0<\/span>alivio garantizado.<\/strong><\/p>\n<\/div>\n<\/div>\n<\/div>\n<p>[\/et_pb_blurb][\/et_pb_column][\/et_pb_row][et_pb_row admin_label=\u00bbrow\u00bb _builder_version=\u00bb4.16&#8243; background_size=\u00bbinitial\u00bb background_position=\u00bbtop_left\u00bb background_repeat=\u00bbrepeat\u00bb global_colors_info=\u00bb{}\u00bb][et_pb_column type=\u00bb4_4&#8243; _builder_version=\u00bb4.16&#8243; custom_padding=\u00bb|||\u00bb global_colors_info=\u00bb{}\u00bb custom_padding__hover=\u00bb|||\u00bb][et_pb_blurb title=\u00bbS\u00f3lo una c\u00e1psula diaria\u00bb content_max_width=\u00bb1100px\u00bb _builder_version=\u00bb4.16&#8243; header_level=\u00bbh2&#8243; header_font=\u00bb||||||||\u00bb header_text_color=\u00bb#ffffff\u00bb header_font_size=\u00bb22px\u00bb background_color=\u00bb#057236&#8243; custom_margin=\u00bb0px||0px|\u00bb custom_padding=\u00bb10px|10px|10px|10px\u00bb custom_css_main_element=\u00bbborder-top-left-radius: 4px;||border-top-right-radius: 4px;\u00bb border_width_all=\u00bb2px\u00bb border_width_bottom=\u00bb0px\u00bb global_colors_info=\u00bb{}\u00bb][\/et_pb_blurb][et_pb_blurb content_max_width=\u00bb1100px\u00bb _builder_version=\u00bb4.16&#8243; header_font=\u00bb||||||||\u00bb header_text_color=\u00bb#333333&#8243; header_font_size=\u00bb18px\u00bb body_font=\u00bb||||||||\u00bb body_text_color=\u00bb#545454&#8243; body_font_size=\u00bb18px\u00bb background_color=\u00bb#ffffff\u00bb custom_margin=\u00bb|||\u00bb custom_padding=\u00bb10px|10px|30px|10px\u00bb custom_css_main_element=\u00bbborder-bottom-left-radius: 4px;||border-bottom-right-radius: 4px;\u00bb border_width_all=\u00bb2px\u00bb border_width_top=\u00bb0px\u00bb global_colors_info=\u00bb{}\u00bb]<img fetchpriority=\"high\" fetchpriority=\"high\" decoding=\"async\" class=\"nadutost-img\" src=\"\/wp-content\/uploads\/2018\/04\/flobian-kapsule-300x208.png\" width=\"300\" height=\"208\" alt=\"\" style=\"float: right;\" \/><\/p>\n<h4><strong>Uso c\u00f3modo<\/strong><\/h4>\n<p>S\u00f3lo una c\u00e1psula diaria de Flobian\u00ae es suficiente para eliminar la sensaci\u00f3n inc\u00f3moda de inflamaci\u00f3n y los gases del est\u00f3mago en hasta el 95% de los pacientes.<\/p>\n<p style=\"margin-bottom: 20px; margin-top:  5px;\"><a id=\"nadutost-button\" style=\"background: #057236; border-radius: 5px; color: white; padding: 8px 12px; margin-bottom: 20px;\" href=\"https:\/\/flobian.com\/en\/shop\/\">  \u00a1Elimine la inflamaci\u00f3n!<\/a>[\/et_pb_blurb][\/et_pb_column][\/et_pb_row][\/et_pb_section]<\/p>\n","protected":false},"excerpt":{"rendered":"<p>En la lucha contra\u00a0la inflamaci\u00f3n\u00a0y los gases,\u00a0Flobian\u00ae\u00a0trabaja directamente en la causa del problema. Un mecanismo especial patentado\u00a0impide la uni\u00f3n de bacterias da\u00f1inas\u00a0y sus efectos t\u00f3xicos. Esto\u00a0reduce la formaci\u00f3n\u00a0de gaseses. El Lactiplantibacillus plantarum\u00a0DSM 9843 tiene la capacidad de unirse fuertemente a unos receptores espec\u00edficos situados en la superficie de las c\u00e9lulas del intestino. De esta manera, [&hellip;]<\/p>\n","protected":false},"author":397,"featured_media":0,"parent":0,"menu_order":0,"comment_status":"closed","ping_status":"closed","template":"","meta":{"_et_pb_use_builder":"on","_et_pb_old_content":"","_et_gb_content_width":"","footnotes":""},"class_list":["post-706","page","type-page","status-publish","hentry"],"yoast_head":"<!-- This site is optimized with the Yoast SEO plugin v27.4 - https:\/\/yoast.com\/product\/yoast-seo-wordpress\/ -->\n<title>Flobian \u2013 remedio natural contra la inflamaci\u00f3n - Flobian<\/title>\n<meta name=\"robots\" content=\"index, follow, max-snippet:-1, max-image-preview:large, max-video-preview:-1\" \/>\n<link rel=\"canonical\" href=\"https:\/\/flobian.com\/es\/remedio-para-la-inflamacion-intestinal\/\" \/>\n<meta property=\"og:locale\" content=\"es_ES\" \/>\n<meta property=\"og:type\" content=\"article\" \/>\n<meta property=\"og:title\" content=\"Flobian \u2013 remedio natural contra la inflamaci\u00f3n - Flobian\" \/>\n<meta property=\"og:description\" content=\"En la lucha contra\u00a0la inflamaci\u00f3n\u00a0y los gases,\u00a0Flobian\u00ae\u00a0trabaja directamente en la causa del problema. Un mecanismo especial patentado\u00a0impide la uni\u00f3n de bacterias da\u00f1inas\u00a0y sus efectos t\u00f3xicos. Esto\u00a0reduce la formaci\u00f3n\u00a0de gaseses. El Lactiplantibacillus plantarum\u00a0DSM 9843 tiene la capacidad de unirse fuertemente a unos receptores espec\u00edficos situados en la superficie de las c\u00e9lulas del intestino. De esta manera, [&hellip;]\" \/>\n<meta property=\"og:url\" content=\"https:\/\/flobian.com\/es\/remedio-para-la-inflamacion-intestinal\/\" \/>\n<meta property=\"og:site_name\" content=\"Flobian\" \/>\n<meta property=\"article:modified_time\" content=\"2025-07-23T13:20:26+00:00\" \/>\n<meta property=\"og:image\" content=\"http:\/\/flobian.tensilen.rs\/wp-content\/uploads\/2018\/07\/FB-FlowPack.jpg\" \/>\n<meta name=\"twitter:card\" content=\"summary_large_image\" \/>\n<meta name=\"twitter:label1\" content=\"Tiempo de lectura\" \/>\n\t<meta name=\"twitter:data1\" content=\"6 minutos\" \/>\n<script type=\"application\/ld+json\" class=\"yoast-schema-graph\">{\"@context\":\"https:\\\/\\\/schema.org\",\"@graph\":[{\"@type\":\"WebPage\",\"@id\":\"https:\\\/\\\/flobian.com\\\/es\\\/remedio-para-la-inflamacion-intestinal\\\/\",\"url\":\"https:\\\/\\\/flobian.com\\\/es\\\/remedio-para-la-inflamacion-intestinal\\\/\",\"name\":\"Flobian \u2013 remedio natural contra la inflamaci\u00f3n - Flobian\",\"isPartOf\":{\"@id\":\"https:\\\/\\\/flobian.com\\\/#website\"},\"datePublished\":\"2018-04-30T09:23:21+00:00\",\"dateModified\":\"2025-07-23T13:20:26+00:00\",\"breadcrumb\":{\"@id\":\"https:\\\/\\\/flobian.com\\\/es\\\/remedio-para-la-inflamacion-intestinal\\\/#breadcrumb\"},\"inLanguage\":\"es\",\"potentialAction\":[{\"@type\":\"ReadAction\",\"target\":[\"https:\\\/\\\/flobian.com\\\/es\\\/remedio-para-la-inflamacion-intestinal\\\/\"]}]},{\"@type\":\"BreadcrumbList\",\"@id\":\"https:\\\/\\\/flobian.com\\\/es\\\/remedio-para-la-inflamacion-intestinal\\\/#breadcrumb\",\"itemListElement\":[{\"@type\":\"ListItem\",\"position\":1,\"name\":\"Home\",\"item\":\"https:\\\/\\\/flobian.com\\\/es\\\/\"},{\"@type\":\"ListItem\",\"position\":2,\"name\":\"Flobian \u2013 remedio natural contra la inflamaci\u00f3n\"}]},{\"@type\":\"WebSite\",\"@id\":\"https:\\\/\\\/flobian.com\\\/#website\",\"url\":\"https:\\\/\\\/flobian.com\\\/\",\"name\":\"Flobian\",\"description\":\"Prirodno re\u0161enje protiv nadutosti\",\"potentialAction\":[{\"@type\":\"SearchAction\",\"target\":{\"@type\":\"EntryPoint\",\"urlTemplate\":\"https:\\\/\\\/flobian.com\\\/?s={search_term_string}\"},\"query-input\":{\"@type\":\"PropertyValueSpecification\",\"valueRequired\":true,\"valueName\":\"search_term_string\"}}],\"inLanguage\":\"es\"}]}<\/script>\n<!-- \/ Yoast SEO plugin. -->","yoast_head_json":{"title":"Flobian \u2013 remedio natural contra la inflamaci\u00f3n - Flobian","robots":{"index":"index","follow":"follow","max-snippet":"max-snippet:-1","max-image-preview":"max-image-preview:large","max-video-preview":"max-video-preview:-1"},"canonical":"https:\/\/flobian.com\/es\/remedio-para-la-inflamacion-intestinal\/","og_locale":"es_ES","og_type":"article","og_title":"Flobian \u2013 remedio natural contra la inflamaci\u00f3n - Flobian","og_description":"En la lucha contra\u00a0la inflamaci\u00f3n\u00a0y los gases,\u00a0Flobian\u00ae\u00a0trabaja directamente en la causa del problema. Un mecanismo especial patentado\u00a0impide la uni\u00f3n de bacterias da\u00f1inas\u00a0y sus efectos t\u00f3xicos. Esto\u00a0reduce la formaci\u00f3n\u00a0de gaseses. El Lactiplantibacillus plantarum\u00a0DSM 9843 tiene la capacidad de unirse fuertemente a unos receptores espec\u00edficos situados en la superficie de las c\u00e9lulas del intestino. De esta manera, [&hellip;]","og_url":"https:\/\/flobian.com\/es\/remedio-para-la-inflamacion-intestinal\/","og_site_name":"Flobian","article_modified_time":"2025-07-23T13:20:26+00:00","og_image":[{"url":"http:\/\/flobian.tensilen.rs\/wp-content\/uploads\/2018\/07\/FB-FlowPack.jpg","type":"","width":"","height":""}],"twitter_card":"summary_large_image","twitter_misc":{"Tiempo de lectura":"6 minutos"},"schema":{"@context":"https:\/\/schema.org","@graph":[{"@type":"WebPage","@id":"https:\/\/flobian.com\/es\/remedio-para-la-inflamacion-intestinal\/","url":"https:\/\/flobian.com\/es\/remedio-para-la-inflamacion-intestinal\/","name":"Flobian \u2013 remedio natural contra la inflamaci\u00f3n - Flobian","isPartOf":{"@id":"https:\/\/flobian.com\/#website"},"datePublished":"2018-04-30T09:23:21+00:00","dateModified":"2025-07-23T13:20:26+00:00","breadcrumb":{"@id":"https:\/\/flobian.com\/es\/remedio-para-la-inflamacion-intestinal\/#breadcrumb"},"inLanguage":"es","potentialAction":[{"@type":"ReadAction","target":["https:\/\/flobian.com\/es\/remedio-para-la-inflamacion-intestinal\/"]}]},{"@type":"BreadcrumbList","@id":"https:\/\/flobian.com\/es\/remedio-para-la-inflamacion-intestinal\/#breadcrumb","itemListElement":[{"@type":"ListItem","position":1,"name":"Home","item":"https:\/\/flobian.com\/es\/"},{"@type":"ListItem","position":2,"name":"Flobian \u2013 remedio natural contra la inflamaci\u00f3n"}]},{"@type":"WebSite","@id":"https:\/\/flobian.com\/#website","url":"https:\/\/flobian.com\/","name":"Flobian","description":"Prirodno re\u0161enje protiv nadutosti","potentialAction":[{"@type":"SearchAction","target":{"@type":"EntryPoint","urlTemplate":"https:\/\/flobian.com\/?s={search_term_string}"},"query-input":{"@type":"PropertyValueSpecification","valueRequired":true,"valueName":"search_term_string"}}],"inLanguage":"es"}]}},"_links":{"self":[{"href":"https:\/\/flobian.com\/es\/wp-json\/wp\/v2\/pages\/706","targetHints":{"allow":["GET"]}}],"collection":[{"href":"https:\/\/flobian.com\/es\/wp-json\/wp\/v2\/pages"}],"about":[{"href":"https:\/\/flobian.com\/es\/wp-json\/wp\/v2\/types\/page"}],"author":[{"embeddable":true,"href":"https:\/\/flobian.com\/es\/wp-json\/wp\/v2\/users\/397"}],"replies":[{"embeddable":true,"href":"https:\/\/flobian.com\/es\/wp-json\/wp\/v2\/comments?post=706"}],"version-history":[{"count":1,"href":"https:\/\/flobian.com\/es\/wp-json\/wp\/v2\/pages\/706\/revisions"}],"predecessor-version":[{"id":40190,"href":"https:\/\/flobian.com\/es\/wp-json\/wp\/v2\/pages\/706\/revisions\/40190"}],"wp:attachment":[{"href":"https:\/\/flobian.com\/es\/wp-json\/wp\/v2\/media?parent=706"}],"curies":[{"name":"wp","href":"https:\/\/api.w.org\/{rel}","templated":true}]}}