{"id":668,"date":"2018-04-30T09:22:47","date_gmt":"2018-04-30T09:22:47","guid":{"rendered":"https:\/\/flobian.com\/upotreba-probiotika-gasovi-u-stomaku\/"},"modified":"2018-05-15T13:06:43","modified_gmt":"2018-05-15T13:06:43","slug":"uso","status":"publish","type":"page","link":"https:\/\/flobian.com\/es\/uso\/","title":{"rendered":"Uso"},"content":{"rendered":"<p>[et_pb_section fb_built=\u00bb1&#8243; admin_label=\u00bbsection\u00bb _builder_version=\u00bb3.0.47&#8243; custom_padding=\u00bb46px|0px|54px|0px|false|false\u00bb][et_pb_row custom_padding=\u00bb27px|0px|15px|0px|false|false\u00bb admin_label=\u00bbrow\u00bb _builder_version=\u00bb3.0.47&#8243; background_size=\u00bbinitial\u00bb background_position=\u00bbtop_left\u00bb background_repeat=\u00bbrepeat\u00bb][et_pb_column type=\u00bb4_4&#8243; _builder_version=\u00bb3.0.47&#8243; parallax=\u00bboff\u00bb parallax_method=\u00bbon\u00bb][et_pb_blurb title=\u00bbUso\u00bb _builder_version=\u00bb3.2&#8243; header_level=\u00bbh1&#8243; header_font=\u00bb||||||||\u00bb header_text_align=\u00bbcenter\u00bb header_text_color=\u00bb#333333&#8243; header_font_size=\u00bb44px\u00bb][\/et_pb_blurb][\/et_pb_column][\/et_pb_row][et_pb_row admin_label=\u00bbrow\u00bb _builder_version=\u00bb3.0.47&#8243; background_size=\u00bbinitial\u00bb background_position=\u00bbtop_left\u00bb background_repeat=\u00bbrepeat\u00bb][et_pb_column type=\u00bb4_4&#8243; _builder_version=\u00bb3.0.47&#8243; parallax=\u00bboff\u00bb parallax_method=\u00bbon\u00bb][et_pb_blurb title=\u00bbDosis\u00bb content_max_width=\u00bb1100px\u00bb _builder_version=\u00bb3.2&#8243; header_level=\u00bbh2&#8243; header_font=\u00bb||||||||\u00bb header_text_color=\u00bb#ffffff\u00bb header_font_size=\u00bb22px\u00bb background_color=\u00bb#057236&#8243; border_width_all=\u00bb2px\u00bb border_width_bottom=\u00bb0px\u00bb custom_margin=\u00bb0px||0px|\u00bb custom_padding=\u00bb10px|10px|10px|10px\u00bb custom_css_main_element=\u00bbborder-top-left-radius: 4px;||border-top-right-radius: 4px;\u00bb][\/et_pb_blurb][et_pb_blurb title=\u00bbAdultos y ni\u00f1os mayores de 3 a\u00f1os: 1 c\u00e1psula al d\u00eda.\u00bb content_max_width=\u00bb1100px\u00bb _builder_version=\u00bb3.2&#8243; header_font=\u00bb||||||||\u00bb header_text_color=\u00bb#545454&#8243; header_font_size=\u00bb18px\u00bb background_color=\u00bb#ffffff\u00bb border_width_all=\u00bb2px\u00bb border_width_top=\u00bb0px\u00bb custom_padding=\u00bb10px|10px|10px|10px\u00bb custom_css_main_element=\u00bbborder-bottom-left-radius: 4px;||border-bottom-right-radius: 4px;\u00bb][\/et_pb_blurb][et_pb_blurb title=\u00bbTiempo de uso\u00bb content_max_width=\u00bb1100px\u00bb _builder_version=\u00bb3.2&#8243; header_level=\u00bbh2&#8243; header_font=\u00bb||||||||\u00bb header_text_color=\u00bb#ffffff\u00bb header_font_size=\u00bb22px\u00bb background_color=\u00bb#057236&#8243; border_width_all=\u00bb2px\u00bb border_width_bottom=\u00bb0px\u00bb custom_margin=\u00bb0px||0px|\u00bb custom_padding=\u00bb10px|10px|10px|10px\u00bb custom_css_main_element=\u00bbborder-top-left-radius: 4px;||border-top-right-radius: 4px;\u00bb][\/et_pb_blurb][et_pb_blurb title=\u00bbNo tiene l\u00edmites. Completamente seguro, puede ser utilizado por mujeres embarazadas y madres lactantes.\u00bb content_max_width=\u00bb1100px\u00bb _builder_version=\u00bb3.2&#8243; header_font=\u00bb||||||||\u00bb header_text_color=\u00bb#545454&#8243; header_font_size=\u00bb18px\u00bb background_color=\u00bb#ffffff\u00bb border_width_all=\u00bb2px\u00bb border_width_top=\u00bb0px\u00bb custom_padding=\u00bb10px|10px|10px|10px\u00bb custom_css_main_element=\u00bbborder-bottom-left-radius: 4px;||border-bottom-right-radius: 4px;\u00bb][\/et_pb_blurb][et_pb_blurb title=\u00bbAdvertencia\u00bb content_max_width=\u00bb1100px\u00bb _builder_version=\u00bb3.2&#8243; header_level=\u00bbh2&#8243; header_font=\u00bb||||||||\u00bb header_text_color=\u00bb#ffffff\u00bb header_font_size=\u00bb22px\u00bb background_color=\u00bb#057236&#8243; border_width_all=\u00bb2px\u00bb border_width_bottom=\u00bb0px\u00bb custom_margin=\u00bb0px||0px|\u00bb custom_padding=\u00bb10px|10px|10px|10px\u00bb custom_css_main_element=\u00bbborder-top-left-radius: 4px;||border-top-right-radius: 4px;\u00bb][\/et_pb_blurb][et_pb_blurb content_max_width=\u00bb1100px\u00bb _builder_version=\u00bb3.2&#8243; header_font=\u00bb||||||||\u00bb header_text_color=\u00bb#333333&#8243; header_font_size=\u00bb18px\u00bb body_font=\u00bb||||||||\u00bb body_text_color=\u00bb#545454&#8243; body_font_size=\u00bb18px\u00bb background_color=\u00bb#ffffff\u00bb border_width_all=\u00bb2px\u00bb border_width_top=\u00bb0px\u00bb custom_padding=\u00bb10px|10px|10px|10px\u00bb custom_css_main_element=\u00bbborder-bottom-left-radius: 4px;||border-bottom-right-radius: 4px;\u00bb]<\/p>\n<ul>\n<li>\u00a0Los suplementos alimenticios de ninguna forma son sustitutos de las comidas y la ingesta de alimentos.<\/li>\n<li><i class=\"fa fa-exclamation\"><\/i> La dosis recomendada diaria no debe ser superada.<\/li>\n<li><i class=\"fa fa-exclamation\"><\/i>\u00a0Cons\u00e9rvese en un lugar fresco, seco y oscuro, fuera del alcance de los ni\u00f1os.<\/li>\n<\/ul>\n<p>Ciertos grupos de personas son m\u00e1s susceptibles a las infecciones microbianas, incluyendo los probi\u00f3ticos. Se recomienda que estos grupos de personas consulten a su m\u00e9dico antes de tomar suplementos probi\u00f3ticos. Estos son los grupos de pacientes: los pacientes con cat\u00e9teres venosos centrales y los pacientes que han sido sometidos a cirug\u00eda, personas con sangre en las heces; inmunocomprometidos y pacientes inmunodeprimidos, incluyendo pacientes en quimioterapia y pacientes con injertos y\/o trasplantes.<\/p>\n<p>Flobian\u00ae resuelve todos los s\u00edntomas del intestino irritable: gases en el est\u00f3mago, hinchaz\u00f3n abdominal, deposiciones irregulares.[\/et_pb_blurb][et_pb_blurb title=\u00bbIndicaciones y contraindicaciones\u00bb content_max_width=\u00bb1100px\u00bb _builder_version=\u00bb3.2&#8243; header_level=\u00bbh2&#8243; header_font=\u00bb||||||||\u00bb header_text_color=\u00bb#ffffff\u00bb header_font_size=\u00bb22px\u00bb background_color=\u00bb#057236&#8243; border_width_all=\u00bb2px\u00bb border_width_bottom=\u00bb0px\u00bb custom_margin=\u00bb0px||0px|\u00bb custom_padding=\u00bb10px|10px|10px|10px\u00bb custom_css_main_element=\u00bbborder-top-left-radius: 4px;||border-top-right-radius: 4px;\u00bb][\/et_pb_blurb][et_pb_blurb content_max_width=\u00bb1100px\u00bb _builder_version=\u00bb3.2&#8243; header_font=\u00bb||||||||\u00bb header_text_color=\u00bb#333333&#8243; header_font_size=\u00bb18px\u00bb body_font=\u00bb||||||||\u00bb body_text_color=\u00bb#545454&#8243; body_font_size=\u00bb18px\u00bb background_color=\u00bb#ffffff\u00bb border_width_all=\u00bb2px\u00bb border_width_top=\u00bb0px\u00bb custom_padding=\u00bb10px|10px|10px|10px\u00bb custom_css_main_element=\u00bbborder-bottom-left-radius: 4px;||border-bottom-right-radius: 4px;\u00bb]No se conocen interacciones y contraindicaciones.<\/p>\n<p>Si Flobian<sup>\u00ae<\/sup> se utiliza junto con antibi\u00f3ticos, debe ser tomado por lo menos dos horas m\u00e1s tarde.<\/p>\n<p>[\/et_pb_blurb][\/et_pb_column][\/et_pb_row][\/et_pb_section]<\/p>\n","protected":false},"excerpt":{"rendered":"<p>\u00a0Los suplementos alimenticios de ninguna forma son sustitutos de las comidas y la ingesta de alimentos. La dosis recomendada diaria no debe ser superada. \u00a0Cons\u00e9rvese en un lugar fresco, seco y oscuro, fuera del alcance de los ni\u00f1os. Ciertos grupos de personas son m\u00e1s susceptibles a las infecciones microbianas, incluyendo los probi\u00f3ticos. Se recomienda que [&hellip;]<\/p>\n","protected":false},"author":397,"featured_media":0,"parent":0,"menu_order":0,"comment_status":"closed","ping_status":"closed","template":"","meta":{"_et_pb_use_builder":"on","_et_pb_old_content":"","_et_gb_content_width":"","footnotes":""},"class_list":["post-668","page","type-page","status-publish","hentry"],"yoast_head":"<!-- This site is optimized with the Yoast SEO plugin v27.4 - https:\/\/yoast.com\/product\/yoast-seo-wordpress\/ -->\n<title>Uso - Flobian<\/title>\n<meta name=\"robots\" content=\"index, follow, max-snippet:-1, max-image-preview:large, max-video-preview:-1\" \/>\n<link rel=\"canonical\" href=\"https:\/\/flobian.com\/es\/uso\/\" \/>\n<meta property=\"og:locale\" content=\"es_ES\" \/>\n<meta property=\"og:type\" content=\"article\" \/>\n<meta property=\"og:title\" content=\"Uso - Flobian\" \/>\n<meta property=\"og:description\" content=\"\u00a0Los suplementos alimenticios de ninguna forma son sustitutos de las comidas y la ingesta de alimentos. La dosis recomendada diaria no debe ser superada. \u00a0Cons\u00e9rvese en un lugar fresco, seco y oscuro, fuera del alcance de los ni\u00f1os. Ciertos grupos de personas son m\u00e1s susceptibles a las infecciones microbianas, incluyendo los probi\u00f3ticos. Se recomienda que [&hellip;]\" \/>\n<meta property=\"og:url\" content=\"https:\/\/flobian.com\/es\/uso\/\" \/>\n<meta property=\"og:site_name\" content=\"Flobian\" \/>\n<meta property=\"article:modified_time\" content=\"2018-05-15T13:06:43+00:00\" \/>\n<meta name=\"twitter:card\" content=\"summary_large_image\" \/>\n<meta name=\"twitter:label1\" content=\"Tiempo de lectura\" \/>\n\t<meta name=\"twitter:data1\" content=\"4 minutos\" \/>\n<script type=\"application\/ld+json\" class=\"yoast-schema-graph\">{\"@context\":\"https:\\\/\\\/schema.org\",\"@graph\":[{\"@type\":\"WebPage\",\"@id\":\"https:\\\/\\\/flobian.com\\\/es\\\/uso\\\/\",\"url\":\"https:\\\/\\\/flobian.com\\\/es\\\/uso\\\/\",\"name\":\"Uso - Flobian\",\"isPartOf\":{\"@id\":\"https:\\\/\\\/flobian.com\\\/#website\"},\"datePublished\":\"2018-04-30T09:22:47+00:00\",\"dateModified\":\"2018-05-15T13:06:43+00:00\",\"breadcrumb\":{\"@id\":\"https:\\\/\\\/flobian.com\\\/es\\\/uso\\\/#breadcrumb\"},\"inLanguage\":\"es\",\"potentialAction\":[{\"@type\":\"ReadAction\",\"target\":[\"https:\\\/\\\/flobian.com\\\/es\\\/uso\\\/\"]}]},{\"@type\":\"BreadcrumbList\",\"@id\":\"https:\\\/\\\/flobian.com\\\/es\\\/uso\\\/#breadcrumb\",\"itemListElement\":[{\"@type\":\"ListItem\",\"position\":1,\"name\":\"Home\",\"item\":\"https:\\\/\\\/flobian.com\\\/es\\\/\"},{\"@type\":\"ListItem\",\"position\":2,\"name\":\"Uso\"}]},{\"@type\":\"WebSite\",\"@id\":\"https:\\\/\\\/flobian.com\\\/#website\",\"url\":\"https:\\\/\\\/flobian.com\\\/\",\"name\":\"Flobian\",\"description\":\"Prirodno re\u0161enje protiv nadutosti\",\"potentialAction\":[{\"@type\":\"SearchAction\",\"target\":{\"@type\":\"EntryPoint\",\"urlTemplate\":\"https:\\\/\\\/flobian.com\\\/?s={search_term_string}\"},\"query-input\":{\"@type\":\"PropertyValueSpecification\",\"valueRequired\":true,\"valueName\":\"search_term_string\"}}],\"inLanguage\":\"es\"}]}<\/script>\n<!-- \/ Yoast SEO plugin. -->","yoast_head_json":{"title":"Uso - Flobian","robots":{"index":"index","follow":"follow","max-snippet":"max-snippet:-1","max-image-preview":"max-image-preview:large","max-video-preview":"max-video-preview:-1"},"canonical":"https:\/\/flobian.com\/es\/uso\/","og_locale":"es_ES","og_type":"article","og_title":"Uso - Flobian","og_description":"\u00a0Los suplementos alimenticios de ninguna forma son sustitutos de las comidas y la ingesta de alimentos. La dosis recomendada diaria no debe ser superada. \u00a0Cons\u00e9rvese en un lugar fresco, seco y oscuro, fuera del alcance de los ni\u00f1os. Ciertos grupos de personas son m\u00e1s susceptibles a las infecciones microbianas, incluyendo los probi\u00f3ticos. Se recomienda que [&hellip;]","og_url":"https:\/\/flobian.com\/es\/uso\/","og_site_name":"Flobian","article_modified_time":"2018-05-15T13:06:43+00:00","twitter_card":"summary_large_image","twitter_misc":{"Tiempo de lectura":"4 minutos"},"schema":{"@context":"https:\/\/schema.org","@graph":[{"@type":"WebPage","@id":"https:\/\/flobian.com\/es\/uso\/","url":"https:\/\/flobian.com\/es\/uso\/","name":"Uso - Flobian","isPartOf":{"@id":"https:\/\/flobian.com\/#website"},"datePublished":"2018-04-30T09:22:47+00:00","dateModified":"2018-05-15T13:06:43+00:00","breadcrumb":{"@id":"https:\/\/flobian.com\/es\/uso\/#breadcrumb"},"inLanguage":"es","potentialAction":[{"@type":"ReadAction","target":["https:\/\/flobian.com\/es\/uso\/"]}]},{"@type":"BreadcrumbList","@id":"https:\/\/flobian.com\/es\/uso\/#breadcrumb","itemListElement":[{"@type":"ListItem","position":1,"name":"Home","item":"https:\/\/flobian.com\/es\/"},{"@type":"ListItem","position":2,"name":"Uso"}]},{"@type":"WebSite","@id":"https:\/\/flobian.com\/#website","url":"https:\/\/flobian.com\/","name":"Flobian","description":"Prirodno re\u0161enje protiv nadutosti","potentialAction":[{"@type":"SearchAction","target":{"@type":"EntryPoint","urlTemplate":"https:\/\/flobian.com\/?s={search_term_string}"},"query-input":{"@type":"PropertyValueSpecification","valueRequired":true,"valueName":"search_term_string"}}],"inLanguage":"es"}]}},"_links":{"self":[{"href":"https:\/\/flobian.com\/es\/wp-json\/wp\/v2\/pages\/668","targetHints":{"allow":["GET"]}}],"collection":[{"href":"https:\/\/flobian.com\/es\/wp-json\/wp\/v2\/pages"}],"about":[{"href":"https:\/\/flobian.com\/es\/wp-json\/wp\/v2\/types\/page"}],"author":[{"embeddable":true,"href":"https:\/\/flobian.com\/es\/wp-json\/wp\/v2\/users\/397"}],"replies":[{"embeddable":true,"href":"https:\/\/flobian.com\/es\/wp-json\/wp\/v2\/comments?post=668"}],"version-history":[{"count":0,"href":"https:\/\/flobian.com\/es\/wp-json\/wp\/v2\/pages\/668\/revisions"}],"wp:attachment":[{"href":"https:\/\/flobian.com\/es\/wp-json\/wp\/v2\/media?parent=668"}],"curies":[{"name":"wp","href":"https:\/\/api.w.org\/{rel}","templated":true}]}}