{"id":609,"date":"2018-04-30T09:25:29","date_gmt":"2018-04-30T09:25:29","guid":{"rendered":"https:\/\/flobian.com\/grcevi-u-stomaku-iskustva-korisnika\/"},"modified":"2021-07-15T10:18:53","modified_gmt":"2021-07-15T10:18:53","slug":"grcevi-u-stomaku-iskustva-korisnika","status":"publish","type":"page","link":"https:\/\/flobian.com\/es\/grcevi-u-stomaku-iskustva-korisnika\/","title":{"rendered":"Iskustva korisnika"},"content":{"rendered":"<p>[et_pb_section fb_built=\u00bb1&#8243; admin_label=\u00bbsection\u00bb _builder_version=\u00bb3.22&#8243;][et_pb_row admin_label=\u00bbrow\u00bb _builder_version=\u00bb3.25&#8243; background_size=\u00bbinitial\u00bb background_position=\u00bbtop_left\u00bb background_repeat=\u00bbrepeat\u00bb][et_pb_column type=\u00bb4_4&#8243; _builder_version=\u00bb3.25&#8243; custom_padding=\u00bb|||\u00bb custom_padding__hover=\u00bb|||\u00bb][et_pb_blurb title=\u00bbIskustva korisnika\u00bb _builder_version=\u00bb3.2&#8243; header_level=\u00bbh1&#8243; header_font=\u00bb||||||||\u00bb header_text_align=\u00bbcenter\u00bb header_font_size=\u00bb43px\u00bb hover_enabled=\u00bb0&#8243; sticky_enabled=\u00bb0&#8243;][\/et_pb_blurb][\/et_pb_column][\/et_pb_row][et_pb_row admin_label=\u00bbrow\u00bb _builder_version=\u00bb3.25&#8243; background_size=\u00bbinitial\u00bb background_position=\u00bbtop_left\u00bb background_repeat=\u00bbrepeat\u00bb][et_pb_column type=\u00bb4_4&#8243; _builder_version=\u00bb3.25&#8243; custom_padding=\u00bb|||\u00bb custom_padding__hover=\u00bb|||\u00bb][et_pb_accordion icon_color=\u00bb#016540&#8243; _builder_version=\u00bb4.9.9&#8243; body_font=\u00bb||||||||\u00bb hover_enabled=\u00bb0&#8243; border_width_all=\u00bb3px\u00bb sticky_enabled=\u00bb0&#8243;][et_pb_accordion_item title=\u00bbMilica\u00bb open=\u00bbon\u00bb _builder_version=\u00bb4.9.9&#8243; hover_enabled=\u00bb0&#8243; sticky_enabled=\u00bb0&#8243;]Postovani, <\/p>\n<p>Posle prelezanog covid 19 virusa skroz mi se poremetilo culo ukusa i mirisa. Namirnice su pocele da mi smrde, da ne mogu da jedem normalmo, da mi se gadi 90% hrane koju inace koristimo svakodnevno&#8230; Pocele su mucnine, nadutost, grcevi, gasovi, dijareje&#8230;haos sa varenjem zbog neuravnotezene ishrane. Sve sam zivo probala, probiotike od svih mogucih proizvodjaca i nista. Resim na kraju da probam i flobian. Blagim recima me je spasio!!!! Od kada ga pijem,  bez ozbira na to sto i dalje ne mogu sve da jedem, mene stomak vise ne muci, nemam gasove, grceve, dijareje&#8230;NISTA! Pocela sam normalno da fukcionosem bez stresa da li ce poceti stomak da me muci. Pijem ga vec 2,5 meseca i ne nameravam da prestajem.<br \/>\nOD SRCA GA SVIMA PREPORUCUJEM!!!<\/p>\n<p>Pozdrav,<br \/>\nMilica[\/et_pb_accordion_item][et_pb_accordion_item title=\u00bb\u017dena, 70 god, Beograd\u00bb _builder_version=\u00bb3.2&#8243; open=\u00bboff\u00bb]Zimus sam dobila stoma\u010dni virus, kao grip, sa gr\u010devima, bolovima, pretakanjem, brbotanjem, toliko glasno se \u010duo rad creva. Grip je pro\u0161ao, ali se stomak nije smirio. Pila sam preparat protiv proliva, prvo probiotik koji je veoma slabo delovao, pa sam pre\u0161la na drugi lek protiv proliva. Opet gotovo nikakvog efekta nije bilo. Takvo mu\u010denje je trajalo puna dva meseca. Postala sam i malokrvna u me\u0111uvremenu. Prijateljica, koja je pedijatar, mi je rekla : \u201eUzmi Flobian, pij jednu kapsulu dnevno.\u201c Ja sam je poslu\u0161ala, pila sam Flobian 10 dana i sve je prestalo. Stomak se smirio i uti\u0161ao. Prezadovoljna sam bila i oti\u0161la u apoteku da ka\u017eem svom farmaceutu, za takve tegobe-samo Flobian. Evo i sada, po\u0161to mi je stomak jako osetljiv, popijem Flobian i za pola sata sve je re\u0161eno. Znam, ka\u017eu reklama, ali ho\u0107u da svima, pa i vama ka\u017eem da je odli\u010dan i da sam prezadovoljna.[\/et_pb_accordion_item][et_pb_accordion_item title=\u00bb\u017dena, 47 god, Smederevo\u00bb _builder_version=\u00bb3.2&#8243; open=\u00bboff\u00bb]Moram da vam priznam da sam imala jako velikih problema sa nadutoscu stomaka proslog leta. Radila sam u Crnoj Gori i pored puno posla muku sam mucila sa problemom stomaka. Ljudi su mi savetovali da idem kod lekara. Bilo je grozno.Ja sam se odlucila za FLOBIAN, da probam u nadi da ce mi to pomoci. Posle dve kutije ovog preparata bila sam FASCINIRANA. Do kraja radnog leta nisam imala problema. Ali problem se vratio ponovo pre nekog vremena. Ja sada ne radim ali sam se nekako snasla i ponovo kupila cudesni preparat FLOBIAN.. Ja sam opet bez problema i zadovoljna.. prezadovoljna. Preporucijem ga svakome i pricam o FLOBIANU stalno svakome ko ima ovakav problem kao i ja. Ako budem mogla kupicu ga i piti dokle god mi se stomak totalno ne oporavi kao proslog leta. Nema NADUTOSTI, nema otezanog disanja zbog nadutosti i osecam se kao da mi je 20 god a ne 47. Ovo je moje licno iskustvo sa ovim preparatom i vodjena tim iskustvom, rado cu ga preporucivati svakome sa ovakvim i slicnim problemom. OD SRCA VAM ZELIM JOS PUNO USPESNIH GODINA RADA I JOS MNOGO,MNOGO ZADOVOLJNIH KORISNIKA KAO I PREGRST POHVALA[\/et_pb_accordion_item][et_pb_accordion_item title=\u00bbMu\u0161karac, Ra\u017eanj\u00bb _builder_version=\u00bb3.2&#8243; open=\u00bboff\u00bb]Imao sam stra\u0161ne probleme sa stomakom godinu dana. Nadutost i gasovi u stomaku, bol u stomaku, neka mu\u010dnina .. I\u0161ao sam kod svih \u017eivih lekara i svi ka\u017eu sve je u redu, a meni lo\u0161e \u2026 Pro\u010ditao sam za ovaj va\u0161 Flobian u novinama, evo i sad \u010duvam ise\u010dak! Ve\u0107 posle prve kutije mi je bilo mnogo bolje. Uzimo sam ove kutije od 20 komada, i sad ispijam tre\u0107u. Ose\u0107am se odli\u010dno, i da sam bli\u017ee, sad bih do\u0161ao da \u010dastim! Ranije nisam mogao da spavam, \u010das boli ispod grudi, \u010das u stomaku, \u010das neka mu\u010dnina\u2026 Ja sam sad drugi \u010dovek i zato vam pi\u0161em da vam se zahvalim![\/et_pb_accordion_item][et_pb_accordion_item title=\u00bb\u017dena\u00bb _builder_version=\u00bb3.2&#8243; open=\u00bboff\u00bb]Zahvaljujem se na leku FLOBIAN, gde sam uzela 20 kapsula i ose\u0107am se odli\u010dno. Posle antibiotika \/ za zub \/ upropastila sam creva \u2013 ose\u0107ala sam nadutost, zatvor i proliv \u2013 tegobe u crevima. Sada je sve to opet do\u0161lo u normalu. Sada uzimam samo \u010daj \u201cGastro\u201d a Va\u0161 lek ima odli\u010dno dejstvo. Hvala! Darija[\/et_pb_accordion_item][et_pb_accordion_item title=\u00bbMuskarac, Ni\u0161\u00bb _builder_version=\u00bb3.2&#8243; open=\u00bboff\u00bb]Ve\u0107 20 godina imam probleme sa stomakom. Boleo me stomak, imao sam gr\u010dave. Poslednje 2 godine stanje se pogor\u0161alo jer sam bio jako nadut i po\u010dali su u\u010destali gasovi i nadutost u stomaku. Primetio sam da se gasovi i nadutost u stomaku javljanju kada jedem odredjenu hranu. Morao sam potpuno da izbacim spana\u0107, blitvu, mle\u010dne proizvode, masnu hranu sam sveo na minimum\u2026 Probao sam razli\u010dite preparate i ni\u0161ta mi nije u potpunosti pomoglo. Video sam reklamu i re\u0161io da probam i Flobian kad ve\u0107 nemam \u0161ta da izgubim. Meni je delovao potpuno supeo! Stomak mi je splasao bez preterivanja za 60%. Stolica se smirila a odlazak u WC postao redovan. Ma jedem sad sve, nemam nikakvih problema. Svima bih preporu\u010dio da probaju.[\/et_pb_accordion_item][et_pb_accordion_item title=\u00bb\u017dena, 45 god, Sombor\u00bb _builder_version=\u00bb3.2&#8243; open=\u00bboff\u00bb]Pre 3 godine moj suprug je operisan. Ugradili su mi 3 bajpasa. Operacija je prosla u redu, ali kada su ga kasnije prebacili u Beograd, u bolnicu, dobio je proliv koji je bez prestanka trajao 4 meseca i nisu znali sta da rade. Njegova telesna rezina se spustila na 70 kg, oslabio je skoro 20 kg. Nakon toga, presao je u Nis i lezao je u infektivnoj bolnici. Posle odredjenog perioda, samovoljno je otisao iz bolnice. Ubrzo je dobio i temeraturu. Njegovi dani su se svodili na to da je gotovo po ceo dan provodio u toaletu. Umesto da lezi i odmara, po ceo dan se mucio sa neprestanim stomacnim problemima. Na sve to, bilo ga je strah da ide na rehibilitaciju, koju su mu lekari savetovali, jer se plasio da ga ne \u201cprotera\u201d. Jednog dana sam kupila casopis u kome sam procitala clanak o predavanju profesora doktora Krstica na temu stomacnih problema \/ nervoznog stomaka, neredovne stolice, proliva,\u2026. Kontaktiranjem lekara dobila sam preporuku da moj siprug pocne sa preparatom Bulardi 3\u00d72 kapsule, kako bi zaustavio proliv, a zatim da koristi Flobian, 1\u00d71 dnevno. Posle samo par kapsula Bulardi-a, proliv je potpuno stao, a sa Flobianom je smirio svoj stomak i sada da ne cuje zlo, nema vise nikakvog problema.[\/et_pb_accordion_item][et_pb_accordion_item title=\u00bb\u017dena, 36 godina, \u0160abac, administrativni radnik\u00bb _builder_version=\u00bb3.2&#8243; open=\u00bboff\u00bb]Svakodnevno sam u dodiru sa strankama, s obzirom da radim u zdravstvenoj ustanovi i sre\u0107em se sa raznim te\u0161kim \u017eivotnim pri\u010dama, pri tome sam majka dvoje dece, tako da sam naravno pod stresom. Tegobe su krenule pre 6 meseci u vidu jakih bolova u \u017eelucu, podrigivanja, ose\u0107aja \u017earenja i jake kiseline, tako da sam nakon dva meseca izgubila pet kilograma, apetit se smanjio i naravno pojavio se strah \u0161ta se de\u0161ava. Uradila sam krvnu sliku\/sve u redu, nalaz na Heliko bakteriju\/negativan, rendgensko snimanje \u017eeluca\/nalaz hroni\u010dni gastritis i nervoza \u017eeluca. Tada se javljaju i problemi s crevima kao sto su glasno kr\u010danje, bez obzira da li sam jela ili nisam, meteorizam, stolica jutarnja redja. Kod gastroentreloga radim kolonoskopiju\/nalaz uredan. A meni sve gore. \u017deludac vi\u0161e ne boli, kiselinu nemam, samo cujem creva, posebno ujutro, pre pra\u017enjenja. Onda uzimam Flobian, nakon desetak dana prime\u0107ujem da je bolje, kupujem jo\u0161 jednu kutiju zbog straha da mi se te tegobe ne vrate i nju nisam \u010dak popila do kraja jer mi je zaista regulisala sve probleme. Verujte nakon toliko lekara, ispitivanja, terapija, izgubila sam nadu da \u0107e ovo pro\u0107i i bojala sam se da je zaista neka ozbiljna bolest u pitanju ali, eto, ima leka. Slobodno objavite moje iskustvo jer bih volela da ovaj lek pomogne jo\u0161 nekome. Jo\u0161 jednom, hvala Vam.[\/et_pb_accordion_item][et_pb_accordion_item title=\u00bb\u017dena, 54 god., slu\u017ebenica\u00bb _builder_version=\u00bb3.2&#8243; open=\u00bboff\u00bb]Dugi niz godina patim od opstipacije. Svakodnevna nadutost mi tako\u0111e je predstavljala veliki problem, pogor\u0161avala se iz dana u dan. Poku\u0161avala sam da reguli\u0161em pra\u017enjenje korekcijom ishrane i raznim probiotskim preparatima, ali bez uspeha. Zbog opstipacije, pogor\u0161avali su se i problemi sa hemoroidima (pre 4 godine operisala sam hemoroide). Pre 3 meseca po\u010dela sam sa primenom Flobian kapsula. Prvih dana po primeni Flobian-a pra\u017enjenje je regulisano, od tada redovno imam stolicu (svakodnevno), nadutost je jo\u0161 na po\u010detku zna\u010dajno smanjena, a sada je gotovo i nemam. Nastavljam sa primenom Flobian kapsula.[\/et_pb_accordion_item][et_pb_accordion_item title=\u00bb\u017dena, 22 god., student\u00bb _builder_version=\u00bb3.2&#8243; open=\u00bboff\u00bb]Unazad par godina imam gr\u010deve u stomaku i \u010deste stolice, naro\u010dito posle obroka. \u010cesto je u stolici bilo primesa nesvarene hrane, a gubitak telesne mase javio se zbog svakodnevnog u\u010destalog praznjenja. Posle brojnih ispitivanja potvrdjeno je da imam sindrom nervoznog creva i dobijala sam terapiju (probiotici, sedativi, Rudacol\u2026). Po\u010dela sam sa primenom Flobian kapsula. Stanje se vrlo brzo \u201epopravilo\u201c, stolica se normalizovala i posle mesec dana ve\u0107 sam povratila svoju telesnu masu. Nastavljam da pijem redovno Flobian kapsule.[\/et_pb_accordion_item][et_pb_accordion_item title=\u00bb\u017dena, 39 god., prodava\u010dica\u00bb _builder_version=\u00bb3.2&#8243; open=\u00bboff\u00bb]Zbog dijareje koja je na po\u010detku bila pra\u0107ena povi\u0161enom temperaturom, oslabila sam 8 kg za mesec dana. Hopsitalizovana sam i ispitivana, i posle svih dijagnosti\u010dkih procedura i koprokulture nije utvrdjen pravi razlog mog stanja,a isklju\u010dena je mogu\u0107nost postojanja organskog oboljenja. U bolnici sam le\u010dena dodatno i antibioticima zbog IUT (Ciprocinal). Posle 20 dana u bolnici i stabilizovanja op\u0161teg stanja, otpu\u0161tena sam ku\u0107i (sa Seroxat\/antidepresiv). Po dolasku ku\u0107i opet kre\u0107u ka\u0161aste stolice i to po 6-7 na dan. Od svoje doktorke u DZ dobila sam Flobian. Stanje se vrlo brzo stabilizuje i posle 3 kutije potpuno normalizuje. Ose\u0107am se dobro i posle du\u017eeg bolovanja vratila sam se na posao.[\/et_pb_accordion_item][et_pb_accordion_item title=\u00bbMu\u0161karac, 55 god., gradjevinski in\u017eenjer\u00bb _builder_version=\u00bb3.2&#8243; open=\u00bboff\u00bb]Dugo godina imam ulcerozni kolitis i le\u010dim se kod gastroenterologa. Redovno koristim preporu\u010denu terapiju (5ASA, vitaminska Th, B komplex, folna kiselina\u2026). Stanje mi se povremeno pogor\u0161ava \u0161to se manifestuje \u010destim prolivastim krvavo sluzavim stolicama, naduto\u0161\u0107u, bolovima. Nisam ni za gde, gde da idem kad ne mogu da sednem ni kafu da popijem! Po ubla\u017eavanju simptoma (u remisiji), doktorka mi je preporu\u010dila Flobian, u dozi od 1\u00d71 kapsula na dan. Koristim ga u toku 3 meseca, zatim tokom narednih mesec dana pijem vitamine i tako naizmeni\u010dno. Subjektivno se osecam mnogo bolje i kona\u010dno mogu da popijem tu jednu kafu na dan![\/et_pb_accordion_item][et_pb_accordion_item title=\u00bb\u017dena, 76 god.\u00bb _builder_version=\u00bb3.2&#8243; open=\u00bboff\u00bb]Pre 15 godina operisala sam tumor materice, posle \u010dega je sprovedena i zra\u010dna terapija. Unazad nekoliko godina imam postiradijacioni kolitis \u2013 paradoksalne dijareje, sluzave stolice, la\u017ene pozive na defekaciju, neodlo\u017eni nagon, meteorizam. Kao vi\u0161egodi\u0161nji dijabeti\u010dar imam i dijabeti\u010dnu gastroenteropatiju. Po\u010dela sam sa primenom Flobiana, u dozi 1 x 1 kapsula na dan. Tegobe su vrlo brzo ubla\u017eene. Nastavila sam sa primenom preparata Flobian, pijem ga skoro dva meseca i ose\u0107am se mnogo bolje i sigurnije. Flobian \u0107u koristiti i dalje.[\/et_pb_accordion_item][et_pb_accordion_item title=\u00bbMu\u0161karac, 36 god, anesteziolog\u00bb _builder_version=\u00bb3.2&#8243; open=\u00bboff\u00bb]Nekoliko godina unazad ima meteorizam i \u010deste eksplozivne stolice, \u0161to mi je jako smetalo, a posebno zbog prirode posla kojim se bavim. Dijagnosti\u010dkim procedurama isklju\u010deno je organsko oboljenje i potvrdjeno je da imam iritabilni kolon. Pro\u0161le godine koristio sam razne preparate, ali mi ni\u0161ta nije pomoglo. Pre ne\u0161to vi\u0161e od mesec dana po\u010deo sam da koristim Flobian. Stanje mi se zna\u010dajno popravilo, nemam ose\u0107aj nadutosti i stolice se normalizuju. Nastavljam da pije Flobian, jer se zaista ose\u0107am mnogo bolje i sigurnije.[\/et_pb_accordion_item][et_pb_accordion_item title=\u00bb\u017dena, 58 god., doktor\u00bb _builder_version=\u00bb3.2&#8243; open=\u00bboff\u00bb]U poslednje vreme smetala mi je nadutost skoro svakodnevno. Nisam imala drugih tegoba, pra\u017enjenje je bilo regularno. Po\u010dela sam sa priimenom kapsula Flobian i ve\u0107 drugog dana osetila sam olak\u0161anje. Nastavila sam sa primenom Flobiana i pijem ga ve\u0107 skoro mesec dana. \u201eNaduvavala sam se \u2026 stomak je bio kao lopta, a sa Flobianom sam brzo osetila olak\u0161anje i sad ga svako jutro popijem[\/et_pb_accordion_item][et_pb_accordion_item title=\u00bb\u017dena, 38 god.,doktor\u00bb _builder_version=\u00bb3.2&#8243; open=\u00bboff\u00bb]Pre \u010detiri godine osetila sam prve simptome itabilnog kolona \u2013 tri do \u010detiri retke stolice u toku dana, popodnevnu nadutost i jak bol\/spazam u donjem delu stomaka. Dijagnosti\u010dki je isklju\u010dena mogu\u0107nost organskog oboljenja. Tegobe su se pogor\u0161avale u stresnim situacijama, naro\u010dito pri odlasku na posao. Koristila sam neke lekove, sa manje ili vise efekta u terapiji. Pre nekoliko meseci, u toku jedne nove epizode akutizacije iritabilnog kolona, saznala sam za Flobian i odlu\u010dila sam da ga probam. Po\u010dela sam sa primenom 1 x 1 kapsule na dan i vrlo brzo sam osetila olak\u0161anje. Stolica se normalizovala, spazam se javljao mnogo re\u0111e i upadljivo slabijeg intenziteta, nadutost i gasovi u stomaku su nestali. Posle redovne primene (u toku vi\u0161e od mesec dana), sada ga koristim kada osetim \u201enajavu\u201c novog napada. Jako sam zadovoljna sa Flobianom i rado ga preporu\u010dujem osobama sa sli\u010dnim tegobama.[\/et_pb_accordion_item][et_pb_accordion_item title=\u00bb\u017dena, 28 godina, farmaceut\u00bb _builder_version=\u00bb3.2&#8243; open=\u00bboff\u00bb]Pre nekoliko godina, a posle ve\u0107eg stresa, ose\u0107ala sam bolove u stomaku, pra\u0107ene naduto\u0161\u0107u i povremeno opstipacijom. Nadutost i gasovi u stomaku su mi predstavljali najve\u0107i problem. Odlu\u010dila sam se za Flobian. Posle par dana osetila sam zna\u010dajno olak\u0161anje, nisam vi\u0161e imala bolove u stomaku kao ni nadutost, ali sam nastavila sa upotrebom Flobiana u toku mesec dana. Nisam vi\u0161e imala problema sa zatvorom. Od tada, povremeno se \u017ealim na nadutost (izazvanu stresom) i to u zna\u010dajno bla\u017eoj formi, a i tada se odlu\u010dim za Flobian i tegobe za par dana prestanu. Posle svog iskustva, rado i sa sigurno\u0161\u0107u Flobian preporu\u010dujem pacijentima sa sli\u010dnim tegobama kako bi nestali nadutost i gasovi u stomaku.[\/et_pb_accordion_item][\/et_pb_accordion][\/et_pb_column][\/et_pb_row][\/et_pb_section]<\/p>\n","protected":false},"excerpt":{"rendered":"<p>Postovani, Posle prelezanog covid 19 virusa skroz mi se poremetilo culo ukusa i mirisa. Namirnice su pocele da mi smrde, da ne mogu da jedem normalmo, da mi se gadi 90% hrane koju inace koristimo svakodnevno&#8230; Pocele su mucnine, nadutost, grcevi, gasovi, dijareje&#8230;haos sa varenjem zbog neuravnotezene ishrane. Sve sam zivo probala, probiotike od svih [&hellip;]<\/p>\n","protected":false},"author":397,"featured_media":0,"parent":0,"menu_order":0,"comment_status":"closed","ping_status":"closed","template":"","meta":{"_et_pb_use_builder":"on","_et_pb_old_content":"","_et_gb_content_width":"","footnotes":""},"class_list":["post-609","page","type-page","status-publish","hentry"],"yoast_head":"<!-- This site is optimized with the Yoast SEO plugin v27.4 - https:\/\/yoast.com\/product\/yoast-seo-wordpress\/ -->\n<title>Nadutost i gasovi u stomaku? Bolovi, Grcevi u stomaku? Jedno re\u0161enje!<\/title>\n<meta name=\"description\" content=\"Gr\u010devi, nadutost, gasovi i bolovi u stomaku vam zadaju probleme? Jedno je pravo re\u0161enje! Pogledajte iskustva korisnika i re\u0161ite problem!\" \/>\n<meta name=\"robots\" content=\"index, follow, max-snippet:-1, max-image-preview:large, max-video-preview:-1\" \/>\n<link rel=\"canonical\" href=\"https:\/\/flobian.com\/es\/grcevi-u-stomaku-iskustva-korisnika\/\" \/>\n<meta property=\"og:locale\" content=\"es_ES\" \/>\n<meta property=\"og:type\" content=\"article\" \/>\n<meta property=\"og:title\" content=\"Nadutost i gasovi u stomaku? Bolovi, Grcevi u stomaku? Jedno re\u0161enje!\" \/>\n<meta property=\"og:description\" content=\"Gr\u010devi, nadutost i gasovi stomaku, bolovi u stomaku... Jedno pravo re\u0161enje! Pogledajte iskustva korisnika i re\u0161ite problem!\" \/>\n<meta property=\"og:url\" content=\"https:\/\/flobian.com\/es\/grcevi-u-stomaku-iskustva-korisnika\/\" \/>\n<meta property=\"og:site_name\" content=\"Flobian\" \/>\n<meta property=\"article:modified_time\" content=\"2021-07-15T10:18:53+00:00\" \/>\n<meta name=\"twitter:card\" content=\"summary_large_image\" \/>\n<meta name=\"twitter:label1\" content=\"Tiempo de lectura\" \/>\n\t<meta name=\"twitter:data1\" content=\"13 minutos\" \/>\n<script type=\"application\/ld+json\" class=\"yoast-schema-graph\">{\"@context\":\"https:\\\/\\\/schema.org\",\"@graph\":[{\"@type\":\"WebPage\",\"@id\":\"https:\\\/\\\/flobian.com\\\/es\\\/grcevi-u-stomaku-iskustva-korisnika\\\/\",\"url\":\"https:\\\/\\\/flobian.com\\\/es\\\/grcevi-u-stomaku-iskustva-korisnika\\\/\",\"name\":\"Nadutost i gasovi u stomaku? Bolovi, Grcevi u stomaku? Jedno re\u0161enje!\",\"isPartOf\":{\"@id\":\"https:\\\/\\\/flobian.com\\\/#website\"},\"datePublished\":\"2018-04-30T09:25:29+00:00\",\"dateModified\":\"2021-07-15T10:18:53+00:00\",\"description\":\"Gr\u010devi, nadutost, gasovi i bolovi u stomaku vam zadaju probleme? Jedno je pravo re\u0161enje! Pogledajte iskustva korisnika i re\u0161ite problem!\",\"breadcrumb\":{\"@id\":\"https:\\\/\\\/flobian.com\\\/es\\\/grcevi-u-stomaku-iskustva-korisnika\\\/#breadcrumb\"},\"inLanguage\":\"es\",\"potentialAction\":[{\"@type\":\"ReadAction\",\"target\":[\"https:\\\/\\\/flobian.com\\\/es\\\/grcevi-u-stomaku-iskustva-korisnika\\\/\"]}]},{\"@type\":\"BreadcrumbList\",\"@id\":\"https:\\\/\\\/flobian.com\\\/es\\\/grcevi-u-stomaku-iskustva-korisnika\\\/#breadcrumb\",\"itemListElement\":[{\"@type\":\"ListItem\",\"position\":1,\"name\":\"Home\",\"item\":\"https:\\\/\\\/flobian.com\\\/es\\\/\"},{\"@type\":\"ListItem\",\"position\":2,\"name\":\"Iskustva korisnika\"}]},{\"@type\":\"WebSite\",\"@id\":\"https:\\\/\\\/flobian.com\\\/#website\",\"url\":\"https:\\\/\\\/flobian.com\\\/\",\"name\":\"Flobian\",\"description\":\"Prirodno re\u0161enje protiv nadutosti\",\"potentialAction\":[{\"@type\":\"SearchAction\",\"target\":{\"@type\":\"EntryPoint\",\"urlTemplate\":\"https:\\\/\\\/flobian.com\\\/?s={search_term_string}\"},\"query-input\":{\"@type\":\"PropertyValueSpecification\",\"valueRequired\":true,\"valueName\":\"search_term_string\"}}],\"inLanguage\":\"es\"}]}<\/script>\n<!-- \/ Yoast SEO plugin. -->","yoast_head_json":{"title":"Nadutost i gasovi u stomaku? Bolovi, Grcevi u stomaku? Jedno re\u0161enje!","description":"Gr\u010devi, nadutost, gasovi i bolovi u stomaku vam zadaju probleme? Jedno je pravo re\u0161enje! Pogledajte iskustva korisnika i re\u0161ite problem!","robots":{"index":"index","follow":"follow","max-snippet":"max-snippet:-1","max-image-preview":"max-image-preview:large","max-video-preview":"max-video-preview:-1"},"canonical":"https:\/\/flobian.com\/es\/grcevi-u-stomaku-iskustva-korisnika\/","og_locale":"es_ES","og_type":"article","og_title":"Nadutost i gasovi u stomaku? Bolovi, Grcevi u stomaku? Jedno re\u0161enje!","og_description":"Gr\u010devi, nadutost i gasovi stomaku, bolovi u stomaku... Jedno pravo re\u0161enje! Pogledajte iskustva korisnika i re\u0161ite problem!","og_url":"https:\/\/flobian.com\/es\/grcevi-u-stomaku-iskustva-korisnika\/","og_site_name":"Flobian","article_modified_time":"2021-07-15T10:18:53+00:00","twitter_card":"summary_large_image","twitter_misc":{"Tiempo de lectura":"13 minutos"},"schema":{"@context":"https:\/\/schema.org","@graph":[{"@type":"WebPage","@id":"https:\/\/flobian.com\/es\/grcevi-u-stomaku-iskustva-korisnika\/","url":"https:\/\/flobian.com\/es\/grcevi-u-stomaku-iskustva-korisnika\/","name":"Nadutost i gasovi u stomaku? Bolovi, Grcevi u stomaku? Jedno re\u0161enje!","isPartOf":{"@id":"https:\/\/flobian.com\/#website"},"datePublished":"2018-04-30T09:25:29+00:00","dateModified":"2021-07-15T10:18:53+00:00","description":"Gr\u010devi, nadutost, gasovi i bolovi u stomaku vam zadaju probleme? Jedno je pravo re\u0161enje! Pogledajte iskustva korisnika i re\u0161ite problem!","breadcrumb":{"@id":"https:\/\/flobian.com\/es\/grcevi-u-stomaku-iskustva-korisnika\/#breadcrumb"},"inLanguage":"es","potentialAction":[{"@type":"ReadAction","target":["https:\/\/flobian.com\/es\/grcevi-u-stomaku-iskustva-korisnika\/"]}]},{"@type":"BreadcrumbList","@id":"https:\/\/flobian.com\/es\/grcevi-u-stomaku-iskustva-korisnika\/#breadcrumb","itemListElement":[{"@type":"ListItem","position":1,"name":"Home","item":"https:\/\/flobian.com\/es\/"},{"@type":"ListItem","position":2,"name":"Iskustva korisnika"}]},{"@type":"WebSite","@id":"https:\/\/flobian.com\/#website","url":"https:\/\/flobian.com\/","name":"Flobian","description":"Prirodno re\u0161enje protiv nadutosti","potentialAction":[{"@type":"SearchAction","target":{"@type":"EntryPoint","urlTemplate":"https:\/\/flobian.com\/?s={search_term_string}"},"query-input":{"@type":"PropertyValueSpecification","valueRequired":true,"valueName":"search_term_string"}}],"inLanguage":"es"}]}},"_links":{"self":[{"href":"https:\/\/flobian.com\/es\/wp-json\/wp\/v2\/pages\/609","targetHints":{"allow":["GET"]}}],"collection":[{"href":"https:\/\/flobian.com\/es\/wp-json\/wp\/v2\/pages"}],"about":[{"href":"https:\/\/flobian.com\/es\/wp-json\/wp\/v2\/types\/page"}],"author":[{"embeddable":true,"href":"https:\/\/flobian.com\/es\/wp-json\/wp\/v2\/users\/397"}],"replies":[{"embeddable":true,"href":"https:\/\/flobian.com\/es\/wp-json\/wp\/v2\/comments?post=609"}],"version-history":[{"count":0,"href":"https:\/\/flobian.com\/es\/wp-json\/wp\/v2\/pages\/609\/revisions"}],"wp:attachment":[{"href":"https:\/\/flobian.com\/es\/wp-json\/wp\/v2\/media?parent=609"}],"curies":[{"name":"wp","href":"https:\/\/api.w.org\/{rel}","templated":true}]}}