{"id":578,"date":"2018-04-30T09:23:42","date_gmt":"2018-04-30T09:23:42","guid":{"rendered":"https:\/\/flobian.com\/sta-je-iritabilni-kolon\/"},"modified":"2018-05-15T13:18:28","modified_gmt":"2018-05-15T13:18:28","slug":"intestino-irritable","status":"publish","type":"page","link":"https:\/\/flobian.com\/es\/intestino-irritable\/","title":{"rendered":"IBS (SII)"},"content":{"rendered":"<p>[et_pb_section fb_built=\u00bb1&#8243; admin_label=\u00bbsection\u00bb _builder_version=\u00bb3.0.47&#8243; custom_padding=\u00bb48px|0px|54px|0px|false|false\u00bb][et_pb_row custom_padding=\u00bb27px|0px|17px|0px|false|false\u00bb _builder_version=\u00bb3.2&#8243;][et_pb_column type=\u00bb4_4&#8243; _builder_version=\u00bb3.2&#8243; parallax=\u00bboff\u00bb parallax_method=\u00bbon\u00bb][et_pb_blurb title=\u00bbIntestino Irritable\u00bb _builder_version=\u00bb3.2&#8243; header_level=\u00bbh1&#8243; header_font=\u00bb||||||||\u00bb header_text_align=\u00bbcenter\u00bb header_font_size=\u00bb44px\u00bb][\/et_pb_blurb][\/et_pb_column][\/et_pb_row][et_pb_row _builder_version=\u00bb3.2&#8243;][et_pb_column type=\u00bb4_4&#8243; _builder_version=\u00bb3.2&#8243; parallax=\u00bboff\u00bb parallax_method=\u00bbon\u00bb][et_pb_blurb content_max_width=\u00bb1100px\u00bb _builder_version=\u00bb3.2&#8243; body_font=\u00bb||||||||\u00bb body_font_size=\u00bb18px\u00bb]El s\u00edndrome del intestino irritable o colon irritable es un diagn\u00f3stico basado en los s\u00edntomas. Se caracteriza por el dolor abdominal cr\u00f3nico, malestar, hinchaz\u00f3n y alteraci\u00f3n de los h\u00e1bitos intestinales. La diarrea o el estre\u00f1imiento pueden predominar o pueden alternarse.[\/et_pb_blurb][\/et_pb_column][\/et_pb_row][et_pb_row _builder_version=\u00bb3.2&#8243;][et_pb_column type=\u00bb4_4&#8243; _builder_version=\u00bb3.2&#8243; parallax=\u00bboff\u00bb parallax_method=\u00bbon\u00bb][et_pb_tabs _builder_version=\u00bb3.2&#8243;][et_pb_tab title=\u00bbFactores\u00bb _builder_version=\u00bb3.2&#8243;]<\/p>\n<h4 style=\"color: #03602c; font-size: 24px; font-weight: 600;\">Los factores que influyen en la aparici\u00f3n del s\u00edndrome del intestino irritable (est\u00f3mago nervioso) son diferentes:<\/h4>\n<h5 style=\"padding-top: 20px; font-weight: 600;\">Infecciones del sistema digestivo<\/h5>\n<p>Aproximadamente el 15% de los pacientes despu\u00e9s de una infecci\u00f3n del sistema digestivo, son propensos a desarrollar el s\u00edndrome del intestino irritable cr\u00f3nico<\/p>\n<h5 style=\"padding-top: 20px; font-weight: 600;\">Exceso de bacterias en el intestino delgado<br \/>\n<\/h5>\n<p>El intestino irritable no es el problema principal, pero en el 50% de los pacientes que tienen el s\u00edndrome del intestino irritable hay un contenido demasiado alto de bacterias en el intestino delgado (Cuoco et al,2006).<\/p>\n<h5 style=\"padding-top: 20px; font-weight: 600;\">Factores psicol\u00f3gicos y el estr\u00e9s<\/h5>\n<p>Probablemente una de las causas m\u00e1s importantes del s\u00edndrome del intestino irritable es el estr\u00e9s. Se produce principalmente en personas con hipersensibilidad visceral y disfunci\u00f3n de la barrera intestinal. El nerviosismo, la ansiedad y la incertidumbre a menudo conducen a la aparici\u00f3n de c\u00f3licos, hinchaz\u00f3n, gases y deposiciones irregulares. El sistema intestinal est\u00e1 inervado con m\u00e1s de 100 millones de c\u00e9lulas nerviosas, estructura similar a la del cerebro. Los mismos transmisores nerviosos que existen en el cerebro (serotonina, dopamina) est\u00e1n presentes en los \u00f3rganos digestivos. Debido a esto, los problemas de intestino irritable se producen durante los per\u00edodos de estr\u00e9s o despu\u00e9s de una tensi\u00f3n emocional.<\/p>\n<p>[\/et_pb_tab][et_pb_tab title=\u00bbS\u00edntomas\u00bb _builder_version=\u00bb3.2&#8243;]<\/p>\n<p><strong>Gases, hinchaz\u00f3n, dolores y calambres en el est\u00f3mago, evacuaciones poco frecuentes son s\u00edntomas b\u00e1sicos que nos llevan a la conclusi\u00f3n de que la persona est\u00e1 sufriendo de est\u00f3mago nervioso.<\/strong><\/p>\n<ul style=\"padding-top: 20px;\">\n<li>Gases (el aumento de la producci\u00f3n de gases est\u00e1 presente en el 59% de los casos)<\/li>\n<li>Dolores y calambres en el est\u00f3mago (presentes en el 48% de los casos)<\/li>\n<li>Flatulencias (presentes en el 47% de los casos)\n<\/li>\n<li>Trastorno en la frecuencia de evacuaciones del intestino<br \/>\n(estre\u00f1imiento 35%, diarrea 28% o la combinaci\u00f3n de ambos)<\/li>\n<\/ul>\n<p>[\/et_pb_tab][et_pb_tab title=\u00bbDiagn\u00f3stico\u00bb _builder_version=\u00bb3.2&#8243;]<\/p>\n<p style=\"padding-bottom: 20px;\"><strong>Criterios de Roma III<\/strong> son actualemnte los criterios est\u00e1ndares para diagnosticar el est\u00f3mago nervioso:.<\/p>\n<h4 style=\"color: #03602c; font-size: 24px; font-weight: 600;\">Con base en los principales s\u00edntomas, hemos identificado tres tipos de de colon irritable::<\/p>\n<\/h4>\n<ul style=\"padding-top: 20px;\">\n<li>Colon irritable \u2013 Diarrea<\/li>\n<li>Colon irritable \u2013 Estre\u00f1imiento<\/li>\n<li>Colon irritable \u2013 Diarrea y Estre\u00f1imiento<\/li>\n<\/ul>\n<p>A pesar de todos los s\u00edntomas anteriores, muchos pacientes pasan todas las pruebas como \u201cperfectamente sanos\u201d.<\/p>\n<h4 style=\"color: #03602c; padding-top: 30px; font-size: 24px; font-weight: 600;\">Flobian regula el problema de colon irritable \/ est\u00f3mago nervioso  ya que suaviza y elimina todos los s\u00edntomas:<br \/>\n<\/h4>\n<ul style=\"padding-top: 20px;\">\n<li>Elimina los gases<\/li>\n<li>Elimina el dolor y los calambres en el est\u00f3mago<\/li>\n<li>Reduce la hinchaz\u00f3n<\/li>\n<li>Regula los movimientos intestinales\n<\/li>\n<\/ul>\n<p>[\/et_pb_tab][\/et_pb_tabs][\/et_pb_column][\/et_pb_row][\/et_pb_section]<\/p>\n","protected":false},"excerpt":{"rendered":"<p>El s\u00edndrome del intestino irritable o colon irritable es un diagn\u00f3stico basado en los s\u00edntomas. Se caracteriza por el dolor abdominal cr\u00f3nico, malestar, hinchaz\u00f3n y alteraci\u00f3n de los h\u00e1bitos intestinales. La diarrea o el estre\u00f1imiento pueden predominar o pueden alternarse.Los factores que influyen en la aparici\u00f3n del s\u00edndrome del intestino irritable (est\u00f3mago nervioso) son diferentes: [&hellip;]<\/p>\n","protected":false},"author":397,"featured_media":0,"parent":0,"menu_order":0,"comment_status":"closed","ping_status":"closed","template":"","meta":{"_et_pb_use_builder":"on","_et_pb_old_content":"","_et_gb_content_width":"","footnotes":""},"class_list":["post-578","page","type-page","status-publish","hentry"],"yoast_head":"<!-- This site is optimized with the Yoast SEO plugin v27.4 - https:\/\/yoast.com\/product\/yoast-seo-wordpress\/ -->\n<title>IBS (SII) - Flobian<\/title>\n<meta name=\"robots\" content=\"index, follow, max-snippet:-1, max-image-preview:large, max-video-preview:-1\" \/>\n<link rel=\"canonical\" href=\"https:\/\/flobian.com\/es\/intestino-irritable\/\" \/>\n<meta property=\"og:locale\" content=\"es_ES\" \/>\n<meta property=\"og:type\" content=\"article\" \/>\n<meta property=\"og:title\" content=\"IBS (SII) - Flobian\" \/>\n<meta property=\"og:description\" content=\"El s\u00edndrome del intestino irritable o colon irritable es un diagn\u00f3stico basado en los s\u00edntomas. Se caracteriza por el dolor abdominal cr\u00f3nico, malestar, hinchaz\u00f3n y alteraci\u00f3n de los h\u00e1bitos intestinales. La diarrea o el estre\u00f1imiento pueden predominar o pueden alternarse.Los factores que influyen en la aparici\u00f3n del s\u00edndrome del intestino irritable (est\u00f3mago nervioso) son diferentes: [&hellip;]\" \/>\n<meta property=\"og:url\" content=\"https:\/\/flobian.com\/es\/intestino-irritable\/\" \/>\n<meta property=\"og:site_name\" content=\"Flobian\" \/>\n<meta property=\"article:modified_time\" content=\"2018-05-15T13:18:28+00:00\" \/>\n<meta name=\"twitter:card\" content=\"summary_large_image\" \/>\n<meta name=\"twitter:label1\" content=\"Tiempo de lectura\" \/>\n\t<meta name=\"twitter:data1\" content=\"3 minutos\" \/>\n<script type=\"application\/ld+json\" class=\"yoast-schema-graph\">{\"@context\":\"https:\\\/\\\/schema.org\",\"@graph\":[{\"@type\":\"WebPage\",\"@id\":\"https:\\\/\\\/flobian.com\\\/es\\\/intestino-irritable\\\/\",\"url\":\"https:\\\/\\\/flobian.com\\\/es\\\/intestino-irritable\\\/\",\"name\":\"IBS (SII) - Flobian\",\"isPartOf\":{\"@id\":\"https:\\\/\\\/flobian.com\\\/#website\"},\"datePublished\":\"2018-04-30T09:23:42+00:00\",\"dateModified\":\"2018-05-15T13:18:28+00:00\",\"breadcrumb\":{\"@id\":\"https:\\\/\\\/flobian.com\\\/es\\\/intestino-irritable\\\/#breadcrumb\"},\"inLanguage\":\"es\",\"potentialAction\":[{\"@type\":\"ReadAction\",\"target\":[\"https:\\\/\\\/flobian.com\\\/es\\\/intestino-irritable\\\/\"]}]},{\"@type\":\"BreadcrumbList\",\"@id\":\"https:\\\/\\\/flobian.com\\\/es\\\/intestino-irritable\\\/#breadcrumb\",\"itemListElement\":[{\"@type\":\"ListItem\",\"position\":1,\"name\":\"Home\",\"item\":\"https:\\\/\\\/flobian.com\\\/es\\\/\"},{\"@type\":\"ListItem\",\"position\":2,\"name\":\"IBS (SII)\"}]},{\"@type\":\"WebSite\",\"@id\":\"https:\\\/\\\/flobian.com\\\/#website\",\"url\":\"https:\\\/\\\/flobian.com\\\/\",\"name\":\"Flobian\",\"description\":\"Prirodno re\u0161enje protiv nadutosti\",\"potentialAction\":[{\"@type\":\"SearchAction\",\"target\":{\"@type\":\"EntryPoint\",\"urlTemplate\":\"https:\\\/\\\/flobian.com\\\/?s={search_term_string}\"},\"query-input\":{\"@type\":\"PropertyValueSpecification\",\"valueRequired\":true,\"valueName\":\"search_term_string\"}}],\"inLanguage\":\"es\"}]}<\/script>\n<!-- \/ Yoast SEO plugin. -->","yoast_head_json":{"title":"IBS (SII) - Flobian","robots":{"index":"index","follow":"follow","max-snippet":"max-snippet:-1","max-image-preview":"max-image-preview:large","max-video-preview":"max-video-preview:-1"},"canonical":"https:\/\/flobian.com\/es\/intestino-irritable\/","og_locale":"es_ES","og_type":"article","og_title":"IBS (SII) - Flobian","og_description":"El s\u00edndrome del intestino irritable o colon irritable es un diagn\u00f3stico basado en los s\u00edntomas. Se caracteriza por el dolor abdominal cr\u00f3nico, malestar, hinchaz\u00f3n y alteraci\u00f3n de los h\u00e1bitos intestinales. La diarrea o el estre\u00f1imiento pueden predominar o pueden alternarse.Los factores que influyen en la aparici\u00f3n del s\u00edndrome del intestino irritable (est\u00f3mago nervioso) son diferentes: [&hellip;]","og_url":"https:\/\/flobian.com\/es\/intestino-irritable\/","og_site_name":"Flobian","article_modified_time":"2018-05-15T13:18:28+00:00","twitter_card":"summary_large_image","twitter_misc":{"Tiempo de lectura":"3 minutos"},"schema":{"@context":"https:\/\/schema.org","@graph":[{"@type":"WebPage","@id":"https:\/\/flobian.com\/es\/intestino-irritable\/","url":"https:\/\/flobian.com\/es\/intestino-irritable\/","name":"IBS (SII) - Flobian","isPartOf":{"@id":"https:\/\/flobian.com\/#website"},"datePublished":"2018-04-30T09:23:42+00:00","dateModified":"2018-05-15T13:18:28+00:00","breadcrumb":{"@id":"https:\/\/flobian.com\/es\/intestino-irritable\/#breadcrumb"},"inLanguage":"es","potentialAction":[{"@type":"ReadAction","target":["https:\/\/flobian.com\/es\/intestino-irritable\/"]}]},{"@type":"BreadcrumbList","@id":"https:\/\/flobian.com\/es\/intestino-irritable\/#breadcrumb","itemListElement":[{"@type":"ListItem","position":1,"name":"Home","item":"https:\/\/flobian.com\/es\/"},{"@type":"ListItem","position":2,"name":"IBS (SII)"}]},{"@type":"WebSite","@id":"https:\/\/flobian.com\/#website","url":"https:\/\/flobian.com\/","name":"Flobian","description":"Prirodno re\u0161enje protiv nadutosti","potentialAction":[{"@type":"SearchAction","target":{"@type":"EntryPoint","urlTemplate":"https:\/\/flobian.com\/?s={search_term_string}"},"query-input":{"@type":"PropertyValueSpecification","valueRequired":true,"valueName":"search_term_string"}}],"inLanguage":"es"}]}},"_links":{"self":[{"href":"https:\/\/flobian.com\/es\/wp-json\/wp\/v2\/pages\/578","targetHints":{"allow":["GET"]}}],"collection":[{"href":"https:\/\/flobian.com\/es\/wp-json\/wp\/v2\/pages"}],"about":[{"href":"https:\/\/flobian.com\/es\/wp-json\/wp\/v2\/types\/page"}],"author":[{"embeddable":true,"href":"https:\/\/flobian.com\/es\/wp-json\/wp\/v2\/users\/397"}],"replies":[{"embeddable":true,"href":"https:\/\/flobian.com\/es\/wp-json\/wp\/v2\/comments?post=578"}],"version-history":[{"count":0,"href":"https:\/\/flobian.com\/es\/wp-json\/wp\/v2\/pages\/578\/revisions"}],"wp:attachment":[{"href":"https:\/\/flobian.com\/es\/wp-json\/wp\/v2\/media?parent=578"}],"curies":[{"name":"wp","href":"https:\/\/api.w.org\/{rel}","templated":true}]}}