{"id":557,"date":"2018-04-30T09:22:21","date_gmt":"2018-04-30T09:22:21","guid":{"rendered":"https:\/\/flobian.com\/kako-deluje-prirodno-resenje-za-nadutost-u-stomaku\/"},"modified":"2025-07-23T13:18:20","modified_gmt":"2025-07-23T13:18:20","slug":"como-funciona","status":"publish","type":"page","link":"https:\/\/flobian.com\/es\/como-funciona\/","title":{"rendered":"\u00bfC\u00f3mo funciona?"},"content":{"rendered":"<p>[et_pb_section fb_built=\u00bb1&#8243; admin_label=\u00bbsection\u00bb _builder_version=\u00bb4.16&#8243; custom_padding=\u00bb40px|0px|54px|0px|false|false\u00bb global_colors_info=\u00bb{}\u00bb][et_pb_row admin_label=\u00bbrow\u00bb _builder_version=\u00bb4.16&#8243; background_size=\u00bbinitial\u00bb background_position=\u00bbtop_left\u00bb background_repeat=\u00bbrepeat\u00bb global_colors_info=\u00bb{}\u00bb][et_pb_column type=\u00bb4_4&#8243; _builder_version=\u00bb4.16&#8243; custom_padding=\u00bb|||\u00bb global_colors_info=\u00bb{}\u00bb custom_padding__hover=\u00bb|||\u00bb][et_pb_blurb title=\u00bb\u00bfC\u00f3mo funciona?\u00bb _builder_version=\u00bb4.16&#8243; header_level=\u00bbh1&#8243; header_font=\u00bb||||||||\u00bb header_text_align=\u00bbcenter\u00bb header_text_color=\u00bb#000000&#8243; header_font_size=\u00bb44px\u00bb global_colors_info=\u00bb{}\u00bb][\/et_pb_blurb][\/et_pb_column][\/et_pb_row][et_pb_row admin_label=\u00bbrow\u00bb _builder_version=\u00bb4.16&#8243; background_size=\u00bbinitial\u00bb background_position=\u00bbtop_left\u00bb background_repeat=\u00bbrepeat\u00bb custom_padding=\u00bb22px|0px|27px|0px|false|false\u00bb global_colors_info=\u00bb{}\u00bb column_structure=\u00bb1_2,1_2&#8243;][et_pb_column type=\u00bb1_2&#8243; _builder_version=\u00bb4.16&#8243; custom_padding=\u00bb|||\u00bb global_colors_info=\u00bb{}\u00bb custom_padding__hover=\u00bb|||\u00bb][et_pb_image src=\u00bb\/wp-content\/uploads\/layerslider\/HomeSlider-ES\/Flobian-left-CAJA.png\u00bb align=\u00bbcenter\u00bb align_tablet=\u00bbcenter\u00bb align_last_edited=\u00bbon|desktop\u00bb _builder_version=\u00bb4.16&#8243; global_colors_info=\u00bb{}\u00bb align_phone=\u00bbcenter\u00bb][\/et_pb_image][\/et_pb_column][et_pb_column type=\u00bb1_2&#8243; _builder_version=\u00bb4.16&#8243; custom_padding=\u00bb|||\u00bb global_colors_info=\u00bb{}\u00bb custom_padding__hover=\u00bb|||\u00bb][et_pb_text admin_label=\u00bbText\u00bb _builder_version=\u00bb4.16&#8243; background_size=\u00bbinitial\u00bb background_position=\u00bbtop_left\u00bb background_repeat=\u00bbrepeat\u00bb global_colors_info=\u00bb{}\u00bb][\/et_pb_text][et_pb_text _builder_version=\u00bb4.16&#8243; custom_margin=\u00bb-24px|||\u00bb custom_padding=\u00bb|||\u00bb global_colors_info=\u00bb{}\u00bb]<\/p>\n<h2>Flobian<sup>\u00ae<\/sup><span>\u00a0<\/span>\u2013 soluci\u00f3n natural para el colon irritable<\/h2>\n<p>[\/et_pb_text][et_pb_text _builder_version=\u00bb4.16&#8243; global_colors_info=\u00bb{}\u00bb]<\/p>\n<p>Flobian<sup>\u00ae<\/sup><span>\u00a0<\/span>es un suplemento diet\u00e9tico que ayuda a combatir el s\u00edndrome del intestino irritable (gases en el est\u00f3mago, hinchaz\u00f3n abdominal, dolor en el est\u00f3mago, evacuaciones irregulares), y se utiliza con gran \u00e9xito en toda Europa y Am\u00e9rica como algo natural, completamente seguro y probado a fondo.<\/p>\n<p>[\/et_pb_text][et_pb_blurb use_icon=\u00bbon\u00bb font_icon=\u00bb&#x5a;||divi||400&#8243; icon_color=\u00bb#096e32&#8243; icon_placement=\u00bbleft\u00bb image_icon_width=\u00bb49px\u00bb _builder_version=\u00bb4.27.4&#8243; custom_margin=\u00bb|||\u00bb custom_padding=\u00bb|||\u00bb hover_enabled=\u00bb0&#8243; icon_font_size=\u00bb49px\u00bb global_colors_info=\u00bb{}\u00bb sticky_enabled=\u00bb0&#8243;]<\/p>\n<p>Una c\u00e1psula de Flobian\u00ae contiene un m\u00ednimo de 20 mil millones de c\u00e9lulas liofilizadas vivas de <em>Lactiplantibacillus plantarum<\/em>\u00a0DSM 9843 .<\/p>\n<p>[\/et_pb_blurb][et_pb_blurb use_icon=\u00bbon\u00bb font_icon=\u00bb&#x5a;||divi||400&#8243; icon_color=\u00bb#096e32&#8243; icon_placement=\u00bbleft\u00bb image_icon_width=\u00bb49px\u00bb _builder_version=\u00bb4.16&#8243; custom_margin=\u00bb|||\u00bb custom_padding=\u00bb|||\u00bb icon_font_size=\u00bb49px\u00bb global_colors_info=\u00bb{}\u00bb]<\/p>\n<p><span>El ingrediente <em>Lactiplantibacillus plantarum<\/em>\u00a0DSM 9843 en las c\u00e1psulas Flobian<\/span><sup>\u00ae<\/sup><span> es original, patentado y examinado en detalle en una serie de ensayos cl\u00ednicos y en la pr\u00e1ctica cl\u00ednica. El <em>Lactiplantibacillus plantarum<\/em>\u00a0DSM 9843 se puede encontrar solamente en las c\u00e1psulas Flobian<\/span><sup>\u00ae<\/sup><span>.<\/span><\/p>\n<p>[\/et_pb_blurb][\/et_pb_column][\/et_pb_row][et_pb_row _builder_version=\u00bb4.16&#8243; global_colors_info=\u00bb{}\u00bb][et_pb_column type=\u00bb4_4&#8243; _builder_version=\u00bb4.16&#8243; custom_padding=\u00bb|||\u00bb global_colors_info=\u00bb{}\u00bb custom_padding__hover=\u00bb|||\u00bb][et_pb_blurb title=\u00bbEl uso regular de Flobian\u00ae ayuda a aliviar todos los s\u00edntomas del intestino irritable (intestino nervioso):\u00bb content_max_width=\u00bb1100px\u00bb _builder_version=\u00bb4.16&#8243; header_font=\u00bb||||||||\u00bb header_text_color=\u00bb#000000&#8243; global_colors_info=\u00bb{}\u00bb][\/et_pb_blurb][et_pb_blurb title=\u00bbReduce la hinchaz\u00f3n del est\u00f3mago\u00bb use_icon=\u00bbon\u00bb font_icon=\u00bb&#x3b;||divi||400&#8243; icon_color=\u00bb#096e32&#8243; icon_placement=\u00bbleft\u00bb content_max_width=\u00bb1100px\u00bb _builder_version=\u00bb4.16&#8243; header_font=\u00bb|600|||||||\u00bb global_colors_info=\u00bb{}\u00bb]<\/p>\n<p><span>La hinchaz\u00f3n desagradable en la parte baja del abdomen puede ser dolorosa y vergonzosa. Estudios cl\u00ednicos han demostrado que Flobian<\/span><sup>\u00ae\u00a0<\/sup><span>es\u00a0<\/span><strong>2,5 \u00a0veces m\u00e1s eficaz<\/strong><span>\u00a0para reducir la hinchaz\u00f3n que el placebo. Tambi\u00e9n regula los movimientos del intestino y disminuye los espasmos dolorosos.<\/span><\/p>\n<p>[\/et_pb_blurb][et_pb_blurb title=\u00bbElimina los gases intestinales\u00bb use_icon=\u00bbon\u00bb font_icon=\u00bb&#xe02d;||divi||400&#8243; icon_color=\u00bb#096e32&#8243; icon_placement=\u00bbleft\u00bb content_max_width=\u00bb1100px\u00bb _builder_version=\u00bb4.16&#8243; header_font=\u00bb|600|||||||\u00bb global_colors_info=\u00bb{}\u00bb]<\/p>\n<p><span>Flobian<\/span><sup>\u00ae<\/sup><span>\u00a0estimula la fermentaci\u00f3n en el intestino corto y la producci\u00f3n de \u00e1cidos grasos de cadena. Esta acci\u00f3n regenera la capa superficial de los intestinos y regula los gases que son una de las principales causas del colon irritable.<\/span><\/p>\n<p>[\/et_pb_blurb][et_pb_blurb title=\u00bbElimina los dolores de est\u00f3mago\u00bb use_icon=\u00bbon\u00bb font_icon=\u00bb&#x4e;||divi||400&#8243; icon_color=\u00bb#096e32&#8243; icon_placement=\u00bbleft\u00bb content_max_width=\u00bb1100px\u00bb _builder_version=\u00bb4.16&#8243; header_font=\u00bb|600|||||||\u00bb global_colors_info=\u00bb{}\u00bb]<\/p>\n<p><span>M\u00e1s del 90% de los pacientes con el s\u00edndrome del est\u00f3mago nervioso, experimentan una eliminaci\u00f3n total del dolor despu\u00e9s de usar Flobian<\/span><sup>\u00ae<\/sup><span>. El dolor se elimina m\u00e1s r\u00e1pido y por un plazo mayor de duraci\u00f3n que con los pacientes tratados con placebo.<\/span><\/p>\n<p>[\/et_pb_blurb][et_pb_blurb title=\u00bbRegula los movimientos intestinales\u00bb use_icon=\u00bbon\u00bb font_icon=\u00bb&#xe02a;||divi||400&#8243; icon_color=\u00bb#096e32&#8243; icon_placement=\u00bbleft\u00bb content_max_width=\u00bb1100px\u00bb _builder_version=\u00bb4.16&#8243; header_font=\u00bb|600|||||||\u00bb global_colors_info=\u00bb{}\u00bb]<\/p>\n<p><span>Flobian<\/span><sup>\u00ae<\/sup><span>\u00a0es 3 veces m\u00e1s eficaz que el placebo en la regulaci\u00f3n de la diarrea o el estre\u00f1imiento. Restaura el modo normal de las deposiciones.<\/span><\/p>\n<p>[\/et_pb_blurb][et_pb_blurb title=\u00bbRepara todas las funciones gastrointestinales\u00bb use_icon=\u00bbon\u00bb font_icon=\u00bb&#xe605;||divi||400&#8243; icon_color=\u00bb#096e32&#8243; icon_placement=\u00bbleft\u00bb content_max_width=\u00bb1100px\u00bb _builder_version=\u00bb4.16&#8243; header_font=\u00bb|600|||||||\u00bb global_colors_info=\u00bb{}\u00bb]<\/p>\n<p><span>M\u00e1s del 95% de los pacientes que utilizan Flobian<\/span><sup>\u00ae\u00a0<\/sup><span>reportan un alivio de los s\u00edntomas gastrointestinales y una mejora significativa en la calidad de vida.<\/span><\/p>\n<p>[\/et_pb_blurb][et_pb_blurb title=\u00bbResistente al ambiente \u00e1cido del est\u00f3mago y las enzimas del sistema digestivo\u00bb use_icon=\u00bbon\u00bb font_icon=\u00bb&#x71;||divi||400&#8243; icon_color=\u00bb#096e32&#8243; icon_placement=\u00bbleft\u00bb content_max_width=\u00bb1100px\u00bb _builder_version=\u00bb4.16&#8243; header_font=\u00bb|600|||||||\u00bb global_colors_info=\u00bb{}\u00bb]<\/p>\n<div class=\"su-service\">\n<div class=\"su-service-content su-clearfix\"><span>Gracias a que Flobian<\/span><sup>\u00ae<\/sup><span>\u00a0es resistente a los jugos g\u00e1stricos,\u00a0un mayor n\u00famero de bacterias son capaces de llegar al intestino y empezar a solucionar los problemas.<\/span><\/div>\n<\/div>\n<p>[\/et_pb_blurb][\/et_pb_column][\/et_pb_row][\/et_pb_section]<\/p>\n","protected":false},"excerpt":{"rendered":"<p>Flobian\u00ae\u00a0\u2013 soluci\u00f3n natural para el colon irritableFlobian\u00ae\u00a0es un suplemento diet\u00e9tico que ayuda a combatir el s\u00edndrome del intestino irritable (gases en el est\u00f3mago, hinchaz\u00f3n abdominal, dolor en el est\u00f3mago, evacuaciones irregulares), y se utiliza con gran \u00e9xito en toda Europa y Am\u00e9rica como algo natural, completamente seguro y probado a fondo. Una c\u00e1psula de Flobian\u00ae [&hellip;]<\/p>\n","protected":false},"author":397,"featured_media":0,"parent":0,"menu_order":0,"comment_status":"closed","ping_status":"closed","template":"","meta":{"_et_pb_use_builder":"on","_et_pb_old_content":"","_et_gb_content_width":"","footnotes":""},"class_list":["post-557","page","type-page","status-publish","hentry"],"yoast_head":"<!-- This site is optimized with the Yoast SEO plugin v27.4 - https:\/\/yoast.com\/product\/yoast-seo-wordpress\/ -->\n<title>\u00bfC\u00f3mo funciona? - Flobian<\/title>\n<meta name=\"robots\" content=\"index, follow, max-snippet:-1, max-image-preview:large, max-video-preview:-1\" \/>\n<link rel=\"canonical\" href=\"https:\/\/flobian.com\/es\/como-funciona\/\" \/>\n<meta property=\"og:locale\" content=\"es_ES\" \/>\n<meta property=\"og:type\" content=\"article\" \/>\n<meta property=\"og:title\" content=\"\u00bfC\u00f3mo funciona? - Flobian\" \/>\n<meta property=\"og:description\" content=\"Flobian\u00ae\u00a0\u2013 soluci\u00f3n natural para el colon irritableFlobian\u00ae\u00a0es un suplemento diet\u00e9tico que ayuda a combatir el s\u00edndrome del intestino irritable (gases en el est\u00f3mago, hinchaz\u00f3n abdominal, dolor en el est\u00f3mago, evacuaciones irregulares), y se utiliza con gran \u00e9xito en toda Europa y Am\u00e9rica como algo natural, completamente seguro y probado a fondo. Una c\u00e1psula de Flobian\u00ae [&hellip;]\" \/>\n<meta property=\"og:url\" content=\"https:\/\/flobian.com\/es\/como-funciona\/\" \/>\n<meta property=\"og:site_name\" content=\"Flobian\" \/>\n<meta property=\"article:modified_time\" content=\"2025-07-23T13:18:20+00:00\" \/>\n<meta property=\"og:image\" content=\"http:\/\/flobian.tensilen.rs\/wp-content\/uploads\/2018\/07\/FB-FlowPack.jpg\" \/>\n<meta name=\"twitter:card\" content=\"summary_large_image\" \/>\n<meta name=\"twitter:label1\" content=\"Tiempo de lectura\" \/>\n\t<meta name=\"twitter:data1\" content=\"5 minutos\" \/>\n<script type=\"application\/ld+json\" class=\"yoast-schema-graph\">{\"@context\":\"https:\\\/\\\/schema.org\",\"@graph\":[{\"@type\":\"WebPage\",\"@id\":\"https:\\\/\\\/flobian.com\\\/es\\\/como-funciona\\\/\",\"url\":\"https:\\\/\\\/flobian.com\\\/es\\\/como-funciona\\\/\",\"name\":\"\u00bfC\u00f3mo funciona? - Flobian\",\"isPartOf\":{\"@id\":\"https:\\\/\\\/flobian.com\\\/#website\"},\"datePublished\":\"2018-04-30T09:22:21+00:00\",\"dateModified\":\"2025-07-23T13:18:20+00:00\",\"breadcrumb\":{\"@id\":\"https:\\\/\\\/flobian.com\\\/es\\\/como-funciona\\\/#breadcrumb\"},\"inLanguage\":\"es\",\"potentialAction\":[{\"@type\":\"ReadAction\",\"target\":[\"https:\\\/\\\/flobian.com\\\/es\\\/como-funciona\\\/\"]}]},{\"@type\":\"BreadcrumbList\",\"@id\":\"https:\\\/\\\/flobian.com\\\/es\\\/como-funciona\\\/#breadcrumb\",\"itemListElement\":[{\"@type\":\"ListItem\",\"position\":1,\"name\":\"Home\",\"item\":\"https:\\\/\\\/flobian.com\\\/es\\\/\"},{\"@type\":\"ListItem\",\"position\":2,\"name\":\"\u00bfC\u00f3mo funciona?\"}]},{\"@type\":\"WebSite\",\"@id\":\"https:\\\/\\\/flobian.com\\\/#website\",\"url\":\"https:\\\/\\\/flobian.com\\\/\",\"name\":\"Flobian\",\"description\":\"Prirodno re\u0161enje protiv nadutosti\",\"potentialAction\":[{\"@type\":\"SearchAction\",\"target\":{\"@type\":\"EntryPoint\",\"urlTemplate\":\"https:\\\/\\\/flobian.com\\\/?s={search_term_string}\"},\"query-input\":{\"@type\":\"PropertyValueSpecification\",\"valueRequired\":true,\"valueName\":\"search_term_string\"}}],\"inLanguage\":\"es\"}]}<\/script>\n<!-- \/ Yoast SEO plugin. -->","yoast_head_json":{"title":"\u00bfC\u00f3mo funciona? - Flobian","robots":{"index":"index","follow":"follow","max-snippet":"max-snippet:-1","max-image-preview":"max-image-preview:large","max-video-preview":"max-video-preview:-1"},"canonical":"https:\/\/flobian.com\/es\/como-funciona\/","og_locale":"es_ES","og_type":"article","og_title":"\u00bfC\u00f3mo funciona? - Flobian","og_description":"Flobian\u00ae\u00a0\u2013 soluci\u00f3n natural para el colon irritableFlobian\u00ae\u00a0es un suplemento diet\u00e9tico que ayuda a combatir el s\u00edndrome del intestino irritable (gases en el est\u00f3mago, hinchaz\u00f3n abdominal, dolor en el est\u00f3mago, evacuaciones irregulares), y se utiliza con gran \u00e9xito en toda Europa y Am\u00e9rica como algo natural, completamente seguro y probado a fondo. Una c\u00e1psula de Flobian\u00ae [&hellip;]","og_url":"https:\/\/flobian.com\/es\/como-funciona\/","og_site_name":"Flobian","article_modified_time":"2025-07-23T13:18:20+00:00","og_image":[{"url":"http:\/\/flobian.tensilen.rs\/wp-content\/uploads\/2018\/07\/FB-FlowPack.jpg","type":"","width":"","height":""}],"twitter_card":"summary_large_image","twitter_misc":{"Tiempo de lectura":"5 minutos"},"schema":{"@context":"https:\/\/schema.org","@graph":[{"@type":"WebPage","@id":"https:\/\/flobian.com\/es\/como-funciona\/","url":"https:\/\/flobian.com\/es\/como-funciona\/","name":"\u00bfC\u00f3mo funciona? - Flobian","isPartOf":{"@id":"https:\/\/flobian.com\/#website"},"datePublished":"2018-04-30T09:22:21+00:00","dateModified":"2025-07-23T13:18:20+00:00","breadcrumb":{"@id":"https:\/\/flobian.com\/es\/como-funciona\/#breadcrumb"},"inLanguage":"es","potentialAction":[{"@type":"ReadAction","target":["https:\/\/flobian.com\/es\/como-funciona\/"]}]},{"@type":"BreadcrumbList","@id":"https:\/\/flobian.com\/es\/como-funciona\/#breadcrumb","itemListElement":[{"@type":"ListItem","position":1,"name":"Home","item":"https:\/\/flobian.com\/es\/"},{"@type":"ListItem","position":2,"name":"\u00bfC\u00f3mo funciona?"}]},{"@type":"WebSite","@id":"https:\/\/flobian.com\/#website","url":"https:\/\/flobian.com\/","name":"Flobian","description":"Prirodno re\u0161enje protiv nadutosti","potentialAction":[{"@type":"SearchAction","target":{"@type":"EntryPoint","urlTemplate":"https:\/\/flobian.com\/?s={search_term_string}"},"query-input":{"@type":"PropertyValueSpecification","valueRequired":true,"valueName":"search_term_string"}}],"inLanguage":"es"}]}},"_links":{"self":[{"href":"https:\/\/flobian.com\/es\/wp-json\/wp\/v2\/pages\/557","targetHints":{"allow":["GET"]}}],"collection":[{"href":"https:\/\/flobian.com\/es\/wp-json\/wp\/v2\/pages"}],"about":[{"href":"https:\/\/flobian.com\/es\/wp-json\/wp\/v2\/types\/page"}],"author":[{"embeddable":true,"href":"https:\/\/flobian.com\/es\/wp-json\/wp\/v2\/users\/397"}],"replies":[{"embeddable":true,"href":"https:\/\/flobian.com\/es\/wp-json\/wp\/v2\/comments?post=557"}],"version-history":[{"count":1,"href":"https:\/\/flobian.com\/es\/wp-json\/wp\/v2\/pages\/557\/revisions"}],"predecessor-version":[{"id":40189,"href":"https:\/\/flobian.com\/es\/wp-json\/wp\/v2\/pages\/557\/revisions\/40189"}],"wp:attachment":[{"href":"https:\/\/flobian.com\/es\/wp-json\/wp\/v2\/media?parent=557"}],"curies":[{"name":"wp","href":"https:\/\/api.w.org\/{rel}","templated":true}]}}