{"id":537,"date":"2018-04-30T09:22:00","date_gmt":"2018-04-30T09:22:00","guid":{"rendered":"https:\/\/flobian.com\/naslovna\/"},"modified":"2018-07-06T10:30:45","modified_gmt":"2018-07-06T10:30:45","slug":"naslovna","status":"publish","type":"page","link":"https:\/\/flobian.com\/es\/","title":{"rendered":"Inicio"},"content":{"rendered":"<p>[et_pb_section fb_built=\u00bb1&#8243; admin_label=\u00bbsection\u00bb _builder_version=\u00bb3.2&#8243; custom_margin=\u00bb|0px||0px\u00bb custom_padding=\u00bb0|0px|29px|0px|false|false\u00bb][et_pb_row make_fullwidth=\u00bbon\u00bb custom_width_px=\u00bb2600px\u00bb custom_padding=\u00bb0|0px|0|0px|false|false\u00bb admin_label=\u00bbrow\u00bb _builder_version=\u00bb3.2&#8243; background_size=\u00bbinitial\u00bb background_position=\u00bbtop_left\u00bb background_repeat=\u00bbrepeat\u00bb][et_pb_column type=\u00bb4_4&#8243; _builder_version=\u00bb3.0.47&#8243; parallax=\u00bboff\u00bb parallax_method=\u00bbon\u00bb][et_pb_text _builder_version=\u00bb3.2&#8243;][layerslider id=\u00bb5&#8243;][\/et_pb_text][\/et_pb_column][\/et_pb_row][\/et_pb_section][et_pb_section fb_built=\u00bb1&#8243; admin_label=\u00bbsection\u00bb _builder_version=\u00bb3.0.47&#8243; custom_padding=\u00bb26px|0px|34px|0px|false|false\u00bb][et_pb_row admin_label=\u00bbrow\u00bb _builder_version=\u00bb3.0.47&#8243; background_size=\u00bbinitial\u00bb background_position=\u00bbtop_left\u00bb background_repeat=\u00bbrepeat\u00bb][et_pb_column type=\u00bb1_4&#8243; _builder_version=\u00bb3.0.47&#8243; parallax=\u00bboff\u00bb parallax_method=\u00bbon\u00bb][et_pb_blurb title=\u00bb100% Natural\u00bb image=\u00bbhttps:\/\/flobian.com\/wp-content\/uploads\/2018\/04\/leaf.jpg\u00bb _builder_version=\u00bb3.9&#8243; header_level=\u00bbh3&#8243; header_font=\u00bb||||||||\u00bb header_text_align=\u00bbcenter\u00bb header_font_size=\u00bb25px\u00bb body_font=\u00bb||||||||\u00bb body_text_align=\u00bbcenter\u00bb border_radii_image=\u00bbon|7px|7px|7px|7px\u00bb border_width_all_image=\u00bb1px\u00bb border_color_all_image=\u00bb#096e32&#8243; animation_style=\u00bbslide\u00bb]Flobian\u00ae es un producto completamente natural. Flobian\u00ae es completamente seguro, puede ser utilizado por mujeres embarazadas y lactantes.[\/et_pb_blurb][\/et_pb_column][et_pb_column type=\u00bb1_4&#8243; _builder_version=\u00bb3.0.47&#8243; parallax=\u00bboff\u00bb parallax_method=\u00bbon\u00bb][et_pb_blurb title=\u00bbCompatible con antibi\u00f3ticos\u00bb image=\u00bbhttps:\/\/flobian.com\/wp-content\/uploads\/2018\/05\/medical.jpg\u00bb _builder_version=\u00bb3.9&#8243; header_level=\u00bbh3&#8243; header_font=\u00bb||||||||\u00bb header_text_align=\u00bbcenter\u00bb header_font_size=\u00bb25px\u00bb body_font=\u00bb||||||||\u00bb body_text_align=\u00bbcenter\u00bb border_radii_image=\u00bbon|7px|7px|7px|7px\u00bb border_width_all_image=\u00bb1px\u00bb border_color_all_image=\u00bb#096e32&#8243; animation_style=\u00bbslide\u00bb]Floban\u00ae se puede utilizar libremente con antibi\u00f3ticos como tratamiento paralelo. Debe tomarse 2 horas antes o despu\u00e9s de los antibi\u00f3ticos.[\/et_pb_blurb][\/et_pb_column][et_pb_column type=\u00bb1_4&#8243; _builder_version=\u00bb3.0.47&#8243; parallax=\u00bboff\u00bb parallax_method=\u00bbon\u00bb][et_pb_blurb title=\u00bbResistente al ambiente \u00e1cido\u00bb image=\u00bbhttps:\/\/flobian.com\/wp-content\/uploads\/2018\/05\/resistant-to-acid-enviromnent.jpg\u00bb _builder_version=\u00bb3.9&#8243; header_level=\u00bbh3&#8243; header_font=\u00bb||||||||\u00bb header_text_align=\u00bbcenter\u00bb header_font_size=\u00bb25px\u00bb body_font=\u00bb||||||||\u00bb body_text_align=\u00bbcenter\u00bb border_radii_image=\u00bbon|7px|7px|7px|7px\u00bb border_width_all_image=\u00bb1px\u00bb border_color_all_image=\u00bb#096e32&#8243; animation_style=\u00bbslide\u00bb]Floban\u00ae es resistente a los \u00e1cidos del est\u00f3mago y esto ayuda a que un mayor n\u00famero de bacterias alcanzen los intestinos y resuelvan el problema.[\/et_pb_blurb][\/et_pb_column][et_pb_column type=\u00bb1_4&#8243; _builder_version=\u00bb3.0.47&#8243; parallax=\u00bboff\u00bb parallax_method=\u00bbon\u00bb][et_pb_blurb title=\u00bbColon irritable\u00bb image=\u00bbhttps:\/\/flobian.com\/wp-content\/uploads\/2018\/05\/irritable-colon.jpg\u00bb _builder_version=\u00bb3.9&#8243; header_level=\u00bbh3&#8243; header_font=\u00bb||||||||\u00bb header_text_align=\u00bbcenter\u00bb header_font_size=\u00bb25px\u00bb body_font=\u00bb||||||||\u00bb body_text_align=\u00bbcenter\u00bb border_radii_image=\u00bbon|7px|7px|7px|7px\u00bb border_width_all_image=\u00bb1px\u00bb border_color_all_image=\u00bb#096e32&#8243; animation_style=\u00bbslide\u00bb]Floban\u00ae es el \u00fanico probi\u00f3tico que afecta a todos los s\u00edntomas de colon irritable. Flobian\u00ae reduce la frecuencia y la gravedad hasta un 95% de los s\u00edntomas de colon irritable: gases, dolor de est\u00f3mago y calambres, flatulencias y de descargas irregulares del intestino.[\/et_pb_blurb][\/et_pb_column][\/et_pb_row][\/et_pb_section]<\/p>\n","protected":false},"excerpt":{"rendered":"<p>[layerslider id=\u00bb5&#8243;]Flobian\u00ae es un producto completamente natural. Flobian\u00ae es completamente seguro, puede ser utilizado por mujeres embarazadas y lactantes.Floban\u00ae se puede utilizar libremente con antibi\u00f3ticos como tratamiento paralelo. Debe tomarse 2 horas antes o despu\u00e9s de los antibi\u00f3ticos.Floban\u00ae es resistente a los \u00e1cidos del est\u00f3mago y esto ayuda a que un mayor n\u00famero de bacterias [&hellip;]<\/p>\n","protected":false},"author":397,"featured_media":2458,"parent":0,"menu_order":0,"comment_status":"closed","ping_status":"closed","template":"","meta":{"_et_pb_use_builder":"on","_et_pb_old_content":"","_et_gb_content_width":"","footnotes":""},"class_list":["post-537","page","type-page","status-publish","has-post-thumbnail","hentry"],"yoast_head":"<!-- This site is optimized with the Yoast SEO plugin v27.4 - https:\/\/yoast.com\/product\/yoast-seo-wordpress\/ -->\n<title>Inicio - Flobian<\/title>\n<meta name=\"robots\" content=\"index, follow, max-snippet:-1, max-image-preview:large, max-video-preview:-1\" \/>\n<link rel=\"canonical\" href=\"https:\/\/flobian.com\/es\/\" \/>\n<meta property=\"og:locale\" content=\"es_ES\" \/>\n<meta property=\"og:type\" content=\"article\" \/>\n<meta property=\"og:title\" content=\"Inicio - Flobian\" \/>\n<meta property=\"og:description\" content=\"[layerslider id=&quot;5&quot;]Flobian\u00ae es un producto completamente natural. Flobian\u00ae es completamente seguro, puede ser utilizado por mujeres embarazadas y lactantes.Floban\u00ae se puede utilizar libremente con antibi\u00f3ticos como tratamiento paralelo. Debe tomarse 2 horas antes o despu\u00e9s de los antibi\u00f3ticos.Floban\u00ae es resistente a los \u00e1cidos del est\u00f3mago y esto ayuda a que un mayor n\u00famero de bacterias [&hellip;]\" \/>\n<meta property=\"og:url\" content=\"https:\/\/flobian.com\/es\/\" \/>\n<meta property=\"og:site_name\" content=\"Flobian\" \/>\n<meta property=\"article:modified_time\" content=\"2018-07-06T10:30:45+00:00\" \/>\n<meta property=\"og:image\" content=\"https:\/\/flobian.com\/wp-content\/uploads\/2020\/12\/1200x628-1.jpg\" \/>\n\t<meta property=\"og:image:width\" content=\"1200\" \/>\n\t<meta property=\"og:image:height\" content=\"628\" \/>\n\t<meta property=\"og:image:type\" content=\"image\/jpeg\" \/>\n<meta name=\"twitter:card\" content=\"summary_large_image\" \/>\n<meta name=\"twitter:label1\" content=\"Tiempo de lectura\" \/>\n\t<meta name=\"twitter:data1\" content=\"3 minutos\" \/>\n<script type=\"application\/ld+json\" class=\"yoast-schema-graph\">{\"@context\":\"https:\\\/\\\/schema.org\",\"@graph\":[{\"@type\":\"WebPage\",\"@id\":\"https:\\\/\\\/flobian.com\\\/es\\\/\",\"url\":\"https:\\\/\\\/flobian.com\\\/es\\\/\",\"name\":\"Inicio - Flobian\",\"isPartOf\":{\"@id\":\"https:\\\/\\\/flobian.com\\\/#website\"},\"primaryImageOfPage\":{\"@id\":\"https:\\\/\\\/flobian.com\\\/es\\\/#primaryimage\"},\"image\":{\"@id\":\"https:\\\/\\\/flobian.com\\\/es\\\/#primaryimage\"},\"thumbnailUrl\":\"https:\\\/\\\/flobian.com\\\/wp-content\\\/uploads\\\/2020\\\/12\\\/1200x628-1.jpg\",\"datePublished\":\"2018-04-30T09:22:00+00:00\",\"dateModified\":\"2018-07-06T10:30:45+00:00\",\"breadcrumb\":{\"@id\":\"https:\\\/\\\/flobian.com\\\/es\\\/#breadcrumb\"},\"inLanguage\":\"es\",\"potentialAction\":[{\"@type\":\"ReadAction\",\"target\":[\"https:\\\/\\\/flobian.com\\\/es\\\/\"]}]},{\"@type\":\"ImageObject\",\"inLanguage\":\"es\",\"@id\":\"https:\\\/\\\/flobian.com\\\/es\\\/#primaryimage\",\"url\":\"https:\\\/\\\/flobian.com\\\/wp-content\\\/uploads\\\/2020\\\/12\\\/1200x628-1.jpg\",\"contentUrl\":\"https:\\\/\\\/flobian.com\\\/wp-content\\\/uploads\\\/2020\\\/12\\\/1200x628-1.jpg\",\"width\":1200,\"height\":628},{\"@type\":\"BreadcrumbList\",\"@id\":\"https:\\\/\\\/flobian.com\\\/es\\\/#breadcrumb\",\"itemListElement\":[{\"@type\":\"ListItem\",\"position\":1,\"name\":\"Home\",\"item\":\"https:\\\/\\\/flobian.com\\\/es\\\/\"},{\"@type\":\"ListItem\",\"position\":2,\"name\":\"Inicio\"}]},{\"@type\":\"WebSite\",\"@id\":\"https:\\\/\\\/flobian.com\\\/#website\",\"url\":\"https:\\\/\\\/flobian.com\\\/\",\"name\":\"Flobian\",\"description\":\"Prirodno re\u0161enje protiv nadutosti\",\"potentialAction\":[{\"@type\":\"SearchAction\",\"target\":{\"@type\":\"EntryPoint\",\"urlTemplate\":\"https:\\\/\\\/flobian.com\\\/?s={search_term_string}\"},\"query-input\":{\"@type\":\"PropertyValueSpecification\",\"valueRequired\":true,\"valueName\":\"search_term_string\"}}],\"inLanguage\":\"es\"}]}<\/script>\n<!-- \/ Yoast SEO plugin. -->","yoast_head_json":{"title":"Inicio - Flobian","robots":{"index":"index","follow":"follow","max-snippet":"max-snippet:-1","max-image-preview":"max-image-preview:large","max-video-preview":"max-video-preview:-1"},"canonical":"https:\/\/flobian.com\/es\/","og_locale":"es_ES","og_type":"article","og_title":"Inicio - Flobian","og_description":"[layerslider id=\"5\"]Flobian\u00ae es un producto completamente natural. Flobian\u00ae es completamente seguro, puede ser utilizado por mujeres embarazadas y lactantes.Floban\u00ae se puede utilizar libremente con antibi\u00f3ticos como tratamiento paralelo. Debe tomarse 2 horas antes o despu\u00e9s de los antibi\u00f3ticos.Floban\u00ae es resistente a los \u00e1cidos del est\u00f3mago y esto ayuda a que un mayor n\u00famero de bacterias [&hellip;]","og_url":"https:\/\/flobian.com\/es\/","og_site_name":"Flobian","article_modified_time":"2018-07-06T10:30:45+00:00","og_image":[{"width":1200,"height":628,"url":"https:\/\/flobian.com\/wp-content\/uploads\/2020\/12\/1200x628-1.jpg","type":"image\/jpeg"}],"twitter_card":"summary_large_image","twitter_misc":{"Tiempo de lectura":"3 minutos"},"schema":{"@context":"https:\/\/schema.org","@graph":[{"@type":"WebPage","@id":"https:\/\/flobian.com\/es\/","url":"https:\/\/flobian.com\/es\/","name":"Inicio - Flobian","isPartOf":{"@id":"https:\/\/flobian.com\/#website"},"primaryImageOfPage":{"@id":"https:\/\/flobian.com\/es\/#primaryimage"},"image":{"@id":"https:\/\/flobian.com\/es\/#primaryimage"},"thumbnailUrl":"https:\/\/flobian.com\/wp-content\/uploads\/2020\/12\/1200x628-1.jpg","datePublished":"2018-04-30T09:22:00+00:00","dateModified":"2018-07-06T10:30:45+00:00","breadcrumb":{"@id":"https:\/\/flobian.com\/es\/#breadcrumb"},"inLanguage":"es","potentialAction":[{"@type":"ReadAction","target":["https:\/\/flobian.com\/es\/"]}]},{"@type":"ImageObject","inLanguage":"es","@id":"https:\/\/flobian.com\/es\/#primaryimage","url":"https:\/\/flobian.com\/wp-content\/uploads\/2020\/12\/1200x628-1.jpg","contentUrl":"https:\/\/flobian.com\/wp-content\/uploads\/2020\/12\/1200x628-1.jpg","width":1200,"height":628},{"@type":"BreadcrumbList","@id":"https:\/\/flobian.com\/es\/#breadcrumb","itemListElement":[{"@type":"ListItem","position":1,"name":"Home","item":"https:\/\/flobian.com\/es\/"},{"@type":"ListItem","position":2,"name":"Inicio"}]},{"@type":"WebSite","@id":"https:\/\/flobian.com\/#website","url":"https:\/\/flobian.com\/","name":"Flobian","description":"Prirodno re\u0161enje protiv nadutosti","potentialAction":[{"@type":"SearchAction","target":{"@type":"EntryPoint","urlTemplate":"https:\/\/flobian.com\/?s={search_term_string}"},"query-input":{"@type":"PropertyValueSpecification","valueRequired":true,"valueName":"search_term_string"}}],"inLanguage":"es"}]}},"_links":{"self":[{"href":"https:\/\/flobian.com\/es\/wp-json\/wp\/v2\/pages\/537","targetHints":{"allow":["GET"]}}],"collection":[{"href":"https:\/\/flobian.com\/es\/wp-json\/wp\/v2\/pages"}],"about":[{"href":"https:\/\/flobian.com\/es\/wp-json\/wp\/v2\/types\/page"}],"author":[{"embeddable":true,"href":"https:\/\/flobian.com\/es\/wp-json\/wp\/v2\/users\/397"}],"replies":[{"embeddable":true,"href":"https:\/\/flobian.com\/es\/wp-json\/wp\/v2\/comments?post=537"}],"version-history":[{"count":0,"href":"https:\/\/flobian.com\/es\/wp-json\/wp\/v2\/pages\/537\/revisions"}],"wp:featuredmedia":[{"embeddable":true,"href":"https:\/\/flobian.com\/es\/wp-json\/wp\/v2\/media\/2458"}],"wp:attachment":[{"href":"https:\/\/flobian.com\/es\/wp-json\/wp\/v2\/media?parent=537"}],"curies":[{"name":"wp","href":"https:\/\/api.w.org\/{rel}","templated":true}]}}