{"id":536,"date":"2018-04-30T09:22:00","date_gmt":"2018-04-30T09:22:00","guid":{"rendered":"https:\/\/flobian.com\/naslovna\/"},"modified":"2023-02-28T11:16:09","modified_gmt":"2023-02-28T11:16:09","slug":"naslovna","status":"publish","type":"page","link":"https:\/\/flobian.com\/en\/","title":{"rendered":"Home"},"content":{"rendered":"<p>[et_pb_section fb_built=&#8221;1&#8243; custom_padding_last_edited=&#8221;on|phone&#8221; disabled_on=&#8221;off|off|off&#8221; module_id=&#8221;pozadina&#8221; _builder_version=&#8221;4.16&#8243; background_image=&#8221;https:\/\/flobian.com\/wp-content\/uploads\/2021\/05\/flobian-pozadina-1.jpg&#8221; background_position=&#8221;center_right&#8221; custom_padding=&#8221;54px|0px|29px|0px|false|false&#8221; custom_padding_tablet=&#8221;&#8221; custom_padding_phone=&#8221;0px||0px||false|false&#8221; global_colors_info=&#8221;{}&#8221; locked=&#8221;off&#8221;][et_pb_row column_structure=&#8221;1_2,1_2&#8243; module_class=&#8221; et_pb_row_fullwidth&#8221; _builder_version=&#8221;4.16&#8243; width=&#8221;89%&#8221; width_tablet=&#8221;80%&#8221; width_phone=&#8221;&#8221; width_last_edited=&#8221;on|desktop&#8221; max_width=&#8221;89%&#8221; max_width_tablet=&#8221;80%&#8221; max_width_phone=&#8221;&#8221; max_width_last_edited=&#8221;on|desktop&#8221; make_fullwidth=&#8221;on&#8221; global_colors_info=&#8221;{}&#8221;][et_pb_column type=&#8221;1_2&#8243; _builder_version=&#8221;4.16&#8243; custom_padding=&#8221;|||&#8221; global_colors_info=&#8221;{}&#8221; custom_padding__hover=&#8221;|||&#8221;][et_pb_blurb title=&#8221;A long-term solution&#8221; content_max_width=&#8221;871px&#8221; _builder_version=&#8221;4.20.0&#8243; header_level=&#8221;h1&#8243; header_font=&#8221;|600||on|||||&#8221; header_text_color=&#8221;#047235&#8243; header_font_size=&#8221;69px&#8221; body_font=&#8221;||||||||&#8221; body_font_size=&#8221;16px&#8221; body_line_height=&#8221;1.9em&#8221; custom_margin=&#8221;13px||18px&#8221; custom_margin_tablet=&#8221;-3px||19px&#8221; custom_margin_phone=&#8221;&#8221; custom_margin_last_edited=&#8221;on|phone&#8221; hover_enabled=&#8221;0&#8243; header_font_size_tablet=&#8221;57px&#8221; header_font_size_phone=&#8221;35px&#8221; header_font_size_last_edited=&#8221;on|phone&#8221; global_colors_info=&#8221;{}&#8221; sticky_enabled=&#8221;0&#8243;][\/et_pb_blurb][et_pb_text _builder_version=&#8221;4.20.0&#8243; text_font=&#8221;||||||||&#8221; text_font_size=&#8221;28px&#8221; hover_enabled=&#8221;0&#8243; global_colors_info=&#8221;{}&#8221; sticky_enabled=&#8221;0&#8243;]<\/p>\n<p>For gas, bloating and stomach cramps<\/p>\n<p>[\/et_pb_text][et_pb_button button_url=&#8221;\/en\/how-it-works\/&#8221; button_text=&#8221;HOW IT WORKS?&#8221; module_id=&#8221;crevo&#8221; module_class=&#8221;vert-move&#8221; _builder_version=&#8221;4.20.0&#8243; custom_button=&#8221;on&#8221; button_text_size=&#8221;30px&#8221; button_text_color=&#8221;#ffffff&#8221; button_bg_color=&#8221;#e09900&#8243; button_bg_use_color_gradient=&#8221;on&#8221; button_bg_color_gradient_stops=&#8221;#ddc700 0%|#dd8800 100%&#8221; button_bg_color_gradient_start=&#8221;#ddc700&#8243; button_bg_color_gradient_end=&#8221;#dd8800&#8243; button_border_color=&#8221;#047235&#8243; button_font=&#8221;||||||||&#8221; button_icon=&#8221;&#x4a;||divi||400&#8243; button_icon_color=&#8221;#ffffff&#8221; custom_margin=&#8221;||13px|||&#8221; hover_enabled=&#8221;0&#8243; button_text_size_tablet=&#8221;&#8221; button_text_size_phone=&#8221;18px&#8221; button_text_size_last_edited=&#8221;on|phone&#8221; button_text_shadow_style=&#8221;preset1&#8243; box_shadow_style=&#8221;preset1&#8243; global_colors_info=&#8221;{}&#8221; sticky_enabled=&#8221;0&#8243;][\/et_pb_button][\/et_pb_column][et_pb_column type=&#8221;1_2&#8243; _builder_version=&#8221;4.16&#8243; custom_padding=&#8221;|||&#8221; global_colors_info=&#8221;{}&#8221; custom_padding__hover=&#8221;|||&#8221;][\/et_pb_column][\/et_pb_row][\/et_pb_section][et_pb_section fb_built=&#8221;1&#8243; admin_label=&#8221;section&#8221; _builder_version=&#8221;4.16&#8243; custom_padding=&#8221;26px|0px|54px|0px|false|false&#8221; global_colors_info=&#8221;{}&#8221;][et_pb_row admin_label=&#8221;row&#8221; _builder_version=&#8221;4.16&#8243; background_size=&#8221;initial&#8221; background_position=&#8221;top_left&#8221; background_repeat=&#8221;repeat&#8221; global_colors_info=&#8221;{}&#8221; column_structure=&#8221;1_4,1_4,1_4,1_4&#8243;][et_pb_column type=&#8221;1_4&#8243; _builder_version=&#8221;4.16&#8243; custom_padding=&#8221;|||&#8221; global_colors_info=&#8221;{}&#8221; custom_padding__hover=&#8221;|||&#8221;][et_pb_blurb title=&#8221;Irritable colon&#8221; image=&#8221;https:\/\/flobian.com\/wp-content\/uploads\/2018\/05\/irritable-colon.jpg&#8221; _builder_version=&#8221;4.16&#8243; header_level=&#8221;h3&#8243; header_font=&#8221;||||||||&#8221; header_text_align=&#8221;center&#8221; header_font_size=&#8221;25px&#8221; body_font=&#8221;||||||||&#8221; body_text_align=&#8221;center&#8221; animation_style=&#8221;slide&#8221; border_radii_image=&#8221;on|7px|7px|7px|7px&#8221; border_width_all_image=&#8221;1px&#8221; border_color_all_image=&#8221;#096e32&#8243; global_colors_info=&#8221;{}&#8221;]Flobian\u00ae is the only probiotic that affect ALL of the symptoms of irritable colon. Flobian\u00ae reduces frequency and severity up to 95% of irritable colon symptoms: gases, stomach pain and cramps, flatulence and irregular bowel discharge.<br \/>\n[\/et_pb_blurb][\/et_pb_column][et_pb_column type=&#8221;1_4&#8243; _builder_version=&#8221;4.16&#8243; custom_padding=&#8221;|||&#8221; global_colors_info=&#8221;{}&#8221; custom_padding__hover=&#8221;|||&#8221;][et_pb_blurb title=&#8221;Resistant to acid environment&#8221; image=&#8221;https:\/\/flobian.com\/wp-content\/uploads\/2018\/05\/resistant-to-acid-enviromnent.jpg&#8221; _builder_version=&#8221;4.16&#8243; header_level=&#8221;h3&#8243; header_font=&#8221;||||||||&#8221; header_text_align=&#8221;center&#8221; header_font_size=&#8221;25px&#8221; body_font=&#8221;||||||||&#8221; body_text_align=&#8221;center&#8221; animation_style=&#8221;slide&#8221; border_radii_image=&#8221;on|7px|7px|7px|7px&#8221; border_width_all_image=&#8221;1px&#8221; border_color_all_image=&#8221;#096e32&#8243; global_colors_info=&#8221;{}&#8221;]Floban\u00ae is resistant to stomach acids and due to that larger number of bacteria reach bowels and stats to resolve the problem.<br \/>\n[\/et_pb_blurb][\/et_pb_column][et_pb_column type=&#8221;1_4&#8243; _builder_version=&#8221;4.16&#8243; custom_padding=&#8221;|||&#8221; global_colors_info=&#8221;{}&#8221; custom_padding__hover=&#8221;|||&#8221;][et_pb_blurb title=&#8221;Goes with antibiotics&#8221; image=&#8221;https:\/\/flobian.com\/wp-content\/uploads\/2018\/05\/medical.jpg&#8221; _builder_version=&#8221;4.16&#8243; header_level=&#8221;h3&#8243; header_font=&#8221;||||||||&#8221; header_text_align=&#8221;center&#8221; header_font_size=&#8221;25px&#8221; body_font=&#8221;||||||||&#8221; body_text_align=&#8221;center&#8221; animation_style=&#8221;slide&#8221; border_radii_image=&#8221;on|7px|7px|7px|7px&#8221; border_width_all_image=&#8221;1px&#8221; border_color_all_image=&#8221;#096e32&#8243; global_colors_info=&#8221;{}&#8221;]Flobian\u00ae can be used with antibiotics as side therapy. It should be taken 2 hours before or after antibiotic.<br \/>\n[\/et_pb_blurb][\/et_pb_column][et_pb_column type=&#8221;1_4&#8243; _builder_version=&#8221;4.16&#8243; custom_padding=&#8221;|||&#8221; global_colors_info=&#8221;{}&#8221; custom_padding__hover=&#8221;|||&#8221;][et_pb_blurb title=&#8221;100% Natural&#8221; image=&#8221;https:\/\/flobian.com\/wp-content\/uploads\/2018\/04\/leaf.jpg&#8221; _builder_version=&#8221;4.16&#8243; header_level=&#8221;h3&#8243; header_font=&#8221;||||||||&#8221; header_text_align=&#8221;center&#8221; header_font_size=&#8221;25px&#8221; body_font=&#8221;||||||||&#8221; body_text_align=&#8221;center&#8221; animation_style=&#8221;slide&#8221; border_radii_image=&#8221;on|7px|7px|7px|7px&#8221; border_width_all_image=&#8221;1px&#8221; border_color_all_image=&#8221;#096e32&#8243; global_colors_info=&#8221;{}&#8221;]Flobian\u00ae is completely natural product. Flobian\u00ae is completely safe, can be used by nursing and pregnant women.<br \/>\n[\/et_pb_blurb][\/et_pb_column][\/et_pb_row][\/et_pb_section][et_pb_section fb_built=&#8221;1&#8243; admin_label=&#8221;section&#8221; _builder_version=&#8221;4.16&#8243; background_color=&#8221;#06843d&#8221; custom_padding=&#8221;26px|0px|54px|0px|false|false&#8221; global_colors_info=&#8221;{}&#8221;][et_pb_row _builder_version=&#8221;4.16&#8243; global_colors_info=&#8221;{}&#8221;][et_pb_column type=&#8221;4_4&#8243; _builder_version=&#8221;4.16&#8243; custom_padding=&#8221;|||&#8221; global_colors_info=&#8221;{}&#8221; custom_padding__hover=&#8221;|||&#8221;][et_pb_blurb title=&#8221;TESTIMONIALS&#8221; _builder_version=&#8221;4.16&#8243; header_level=&#8221;h2&#8243; header_font=&#8221;||||||||&#8221; header_text_align=&#8221;center&#8221; header_text_color=&#8221;#ffffff&#8221; header_font_size=&#8221;43px&#8221; global_colors_info=&#8221;{}&#8221;][\/et_pb_blurb][et_pb_slider _builder_version=&#8221;4.16&#8243; header_font=&#8221;||||||||&#8221; header_text_color=&#8221;#ffffff&#8221; header_font_size=&#8221;30px&#8221; body_font=&#8221;||||||||&#8221; body_text_color=&#8221;#ffffff&#8221; background_color=&#8221;#047235&#8243; box_shadow_style=&#8221;preset6&#8243; global_colors_info=&#8221;{}&#8221; button_text_size__hover_enabled=&#8221;off&#8221; button_one_text_size__hover_enabled=&#8221;off&#8221; button_two_text_size__hover_enabled=&#8221;off&#8221; button_text_color__hover_enabled=&#8221;off&#8221; button_one_text_color__hover_enabled=&#8221;off&#8221; button_two_text_color__hover_enabled=&#8221;off&#8221; button_border_width__hover_enabled=&#8221;off&#8221; button_one_border_width__hover_enabled=&#8221;off&#8221; button_two_border_width__hover_enabled=&#8221;off&#8221; button_border_color__hover_enabled=&#8221;off&#8221; button_one_border_color__hover_enabled=&#8221;off&#8221; button_two_border_color__hover_enabled=&#8221;off&#8221; button_border_radius__hover_enabled=&#8221;off&#8221; button_one_border_radius__hover_enabled=&#8221;off&#8221; button_two_border_radius__hover_enabled=&#8221;off&#8221; button_letter_spacing__hover_enabled=&#8221;off&#8221; button_one_letter_spacing__hover_enabled=&#8221;off&#8221; button_two_letter_spacing__hover_enabled=&#8221;off&#8221; button_bg_color__hover_enabled=&#8221;off&#8221; button_one_bg_color__hover_enabled=&#8221;off&#8221; button_two_bg_color__hover_enabled=&#8221;off&#8221;][et_pb_slide heading=&#8221;Male, 36 years, anesthesiologist&#8221; _builder_version=&#8221;4.16&#8243; global_colors_info=&#8221;{}&#8221; sticky_transition=&#8221;on&#8221; button_text_size__hover_enabled=&#8221;off&#8221; button_one_text_size__hover_enabled=&#8221;off&#8221; button_two_text_size__hover_enabled=&#8221;off&#8221; button_text_color__hover_enabled=&#8221;off&#8221; button_one_text_color__hover_enabled=&#8221;off&#8221; button_two_text_color__hover_enabled=&#8221;off&#8221; button_border_width__hover_enabled=&#8221;off&#8221; button_one_border_width__hover_enabled=&#8221;off&#8221; button_two_border_width__hover_enabled=&#8221;off&#8221; button_border_color__hover_enabled=&#8221;off&#8221; button_one_border_color__hover_enabled=&#8221;off&#8221; button_two_border_color__hover_enabled=&#8221;off&#8221; button_border_radius__hover_enabled=&#8221;off&#8221; button_one_border_radius__hover_enabled=&#8221;off&#8221; button_two_border_radius__hover_enabled=&#8221;off&#8221; button_letter_spacing__hover_enabled=&#8221;off&#8221; button_one_letter_spacing__hover_enabled=&#8221;off&#8221; button_two_letter_spacing__hover_enabled=&#8221;off&#8221; button_bg_color__hover_enabled=&#8221;off&#8221; button_one_bg_color__hover_enabled=&#8221;off&#8221; button_two_bg_color__hover_enabled=&#8221;off&#8221;]A couple of years ago I have meteorism and frequent explosive stools. This was quite an issue for me, and represented a big problem for my job. Tests concluded that I have irritable colon. During the last year, I\u2019ve been using various different products, but none of them helped. A little over a month ago, I\u2019ve started using Flobian. I got better fast, I don\u2019t have the sense of flatulence and stools are coming back to normal! I feel way better now, and I will keep using it.[\/et_pb_slide][et_pb_slide heading=&#8221;Female, 58 years, doctor&#8221; _builder_version=&#8221;4.16&#8243; global_colors_info=&#8221;{}&#8221; sticky_transition=&#8221;on&#8221; button_text_size__hover_enabled=&#8221;off&#8221; button_one_text_size__hover_enabled=&#8221;off&#8221; button_two_text_size__hover_enabled=&#8221;off&#8221; button_text_color__hover_enabled=&#8221;off&#8221; button_one_text_color__hover_enabled=&#8221;off&#8221; button_two_text_color__hover_enabled=&#8221;off&#8221; button_border_width__hover_enabled=&#8221;off&#8221; button_one_border_width__hover_enabled=&#8221;off&#8221; button_two_border_width__hover_enabled=&#8221;off&#8221; button_border_color__hover_enabled=&#8221;off&#8221; button_one_border_color__hover_enabled=&#8221;off&#8221; button_two_border_color__hover_enabled=&#8221;off&#8221; button_border_radius__hover_enabled=&#8221;off&#8221; button_one_border_radius__hover_enabled=&#8221;off&#8221; button_two_border_radius__hover_enabled=&#8221;off&#8221; button_letter_spacing__hover_enabled=&#8221;off&#8221; button_one_letter_spacing__hover_enabled=&#8221;off&#8221; button_two_letter_spacing__hover_enabled=&#8221;off&#8221; button_bg_color__hover_enabled=&#8221;off&#8221; button_one_bg_color__hover_enabled=&#8221;off&#8221; button_two_bg_color__hover_enabled=&#8221;off&#8221;]Lately I had bothering flatulence on daily basis. I didn\u2019t have any other problems and discharge was regular. I\u2019ve started using Flobian and after a second day I felt relieved. I was so bloated it was ridiculous! I am so glad that this product is offering such a help. Now I am recommending it to my patients too![\/et_pb_slide][et_pb_slide heading=&#8221;Male, 69 years&#8221; _builder_version=&#8221;4.16&#8243; global_colors_info=&#8221;{}&#8221; sticky_transition=&#8221;on&#8221; button_text_size__hover_enabled=&#8221;off&#8221; button_one_text_size__hover_enabled=&#8221;off&#8221; button_two_text_size__hover_enabled=&#8221;off&#8221; button_text_color__hover_enabled=&#8221;off&#8221; button_one_text_color__hover_enabled=&#8221;off&#8221; button_two_text_color__hover_enabled=&#8221;off&#8221; button_border_width__hover_enabled=&#8221;off&#8221; button_one_border_width__hover_enabled=&#8221;off&#8221; button_two_border_width__hover_enabled=&#8221;off&#8221; button_border_color__hover_enabled=&#8221;off&#8221; button_one_border_color__hover_enabled=&#8221;off&#8221; button_two_border_color__hover_enabled=&#8221;off&#8221; button_border_radius__hover_enabled=&#8221;off&#8221; button_one_border_radius__hover_enabled=&#8221;off&#8221; button_two_border_radius__hover_enabled=&#8221;off&#8221; button_letter_spacing__hover_enabled=&#8221;off&#8221; button_one_letter_spacing__hover_enabled=&#8221;off&#8221; button_two_letter_spacing__hover_enabled=&#8221;off&#8221; button_bg_color__hover_enabled=&#8221;off&#8221; button_one_bg_color__hover_enabled=&#8221;off&#8221; button_two_bg_color__hover_enabled=&#8221;off&#8221;]After triple bypass surgery, medications irritated my stomach and I got chronic diarrhea for months. I was struggling daily on the toilet seat. The battle with the chronic stomach problems was endless until, on the doctors recommendation, I took Flobian and <a style=\"color: #f2f2f2; text-decoration: underline;\" href=\"http:\/\/bulardi.com\">Bulardi Probiotic<\/a>  . Only after a couple of capsules symptoms started fading, and eventually disappearing after a few days.[\/et_pb_slide][\/et_pb_slider][\/et_pb_column][\/et_pb_row][\/et_pb_section][et_pb_section fb_built=&#8221;1&#8243; admin_label=&#8221;section&#8221; _builder_version=&#8221;4.16&#8243; custom_padding=&#8221;26px|0px|0|0px|false|false&#8221; global_colors_info=&#8221;{}&#8221;][et_pb_row _builder_version=&#8221;4.16&#8243; global_colors_info=&#8221;{}&#8221;][et_pb_column type=&#8221;4_4&#8243; _builder_version=&#8221;4.16&#8243; custom_padding=&#8221;|||&#8221; global_colors_info=&#8221;{}&#8221; custom_padding__hover=&#8221;|||&#8221;][et_pb_blurb title=&#8221;BLOG&#8221; _builder_version=&#8221;4.16&#8243; header_level=&#8221;h1&#8243; header_font=&#8221;||||||||&#8221; header_text_align=&#8221;center&#8221; header_font_size=&#8221;43px&#8221; custom_padding=&#8221;||20px|&#8221; global_colors_info=&#8221;{}&#8221;][\/et_pb_blurb][et_pb_blog fullwidth=&#8221;off&#8221; posts_number=&#8221;3&#8243; include_categories=&#8221;7&#8243; show_author=&#8221;off&#8221; show_date=&#8221;off&#8221; show_categories=&#8221;off&#8221; show_pagination=&#8221;off&#8221; _builder_version=&#8221;4.16&#8243; animation_style=&#8221;zoom&#8221; global_colors_info=&#8221;{}&#8221;][\/et_pb_blog][\/et_pb_column][\/et_pb_row][\/et_pb_section]<\/p>\n","protected":false},"excerpt":{"rendered":"<p>For gas, bloating and stomach crampsFlobian\u00ae is the only probiotic that affect ALL of the symptoms of irritable colon. Flobian\u00ae reduces frequency and severity up to 95% of irritable colon symptoms: gases, stomach pain and cramps, flatulence and irregular bowel discharge. Floban\u00ae is resistant to stomach acids and due to that larger number of bacteria [&hellip;]<\/p>\n","protected":false},"author":397,"featured_media":2457,"parent":0,"menu_order":0,"comment_status":"closed","ping_status":"closed","template":"","meta":{"_et_pb_use_builder":"on","_et_pb_old_content":"","_et_gb_content_width":"","footnotes":""},"class_list":["post-536","page","type-page","status-publish","has-post-thumbnail","hentry"],"yoast_head":"<!-- This site is optimized with the Yoast SEO plugin v27.5 - https:\/\/yoast.com\/product\/yoast-seo-wordpress\/ -->\n<title>Flobian - Natural choice for flatulence<\/title>\n<meta name=\"robots\" content=\"index, follow, max-snippet:-1, max-image-preview:large, max-video-preview:-1\" \/>\n<link rel=\"canonical\" href=\"https:\/\/flobian.com\/en\/\" \/>\n<meta property=\"og:locale\" content=\"en_US\" \/>\n<meta property=\"og:type\" content=\"article\" \/>\n<meta property=\"og:title\" content=\"Ose\u0107a\u0161 se naduto? Smetaju ti gasovi u stomaku? - Flobian\" \/>\n<meta property=\"og:description\" content=\"Nadutost i gasovi u stomaku su veoma naporni i neprijatni. Olak\u0161ajte sebi \u017eivot i elimini\u0161ete gasove uz pomo\u0107 prirodnog preparata - Flobian. Garantovano!\" \/>\n<meta property=\"og:url\" content=\"https:\/\/flobian.com\/en\/\" \/>\n<meta property=\"og:site_name\" content=\"Flobian\" \/>\n<meta property=\"article:modified_time\" content=\"2023-02-28T11:16:09+00:00\" \/>\n<meta name=\"twitter:card\" content=\"summary_large_image\" \/>\n<meta name=\"twitter:image\" content=\"https:\/\/flobian.com\/wp-content\/uploads\/2020\/12\/1200x628-1.jpg\" \/>\n<meta name=\"twitter:label1\" content=\"Est. reading time\" \/>\n\t<meta name=\"twitter:data1\" content=\"9 minutes\" \/>\n<script type=\"application\/ld+json\" class=\"yoast-schema-graph\">{\"@context\":\"https:\\\/\\\/schema.org\",\"@graph\":[{\"@type\":\"WebPage\",\"@id\":\"https:\\\/\\\/flobian.com\\\/en\\\/\",\"url\":\"https:\\\/\\\/flobian.com\\\/en\\\/\",\"name\":\"Flobian - Natural choice for flatulence\",\"isPartOf\":{\"@id\":\"https:\\\/\\\/flobian.com\\\/#website\"},\"primaryImageOfPage\":{\"@id\":\"https:\\\/\\\/flobian.com\\\/en\\\/#primaryimage\"},\"image\":{\"@id\":\"https:\\\/\\\/flobian.com\\\/en\\\/#primaryimage\"},\"thumbnailUrl\":\"https:\\\/\\\/flobian.com\\\/wp-content\\\/uploads\\\/2020\\\/12\\\/1200x628-1.jpg\",\"datePublished\":\"2018-04-30T09:22:00+00:00\",\"dateModified\":\"2023-02-28T11:16:09+00:00\",\"breadcrumb\":{\"@id\":\"https:\\\/\\\/flobian.com\\\/en\\\/#breadcrumb\"},\"inLanguage\":\"en-US\",\"potentialAction\":[{\"@type\":\"ReadAction\",\"target\":[\"https:\\\/\\\/flobian.com\\\/en\\\/\"]}]},{\"@type\":\"ImageObject\",\"inLanguage\":\"en-US\",\"@id\":\"https:\\\/\\\/flobian.com\\\/en\\\/#primaryimage\",\"url\":\"https:\\\/\\\/flobian.com\\\/wp-content\\\/uploads\\\/2020\\\/12\\\/1200x628-1.jpg\",\"contentUrl\":\"https:\\\/\\\/flobian.com\\\/wp-content\\\/uploads\\\/2020\\\/12\\\/1200x628-1.jpg\",\"width\":1200,\"height\":628},{\"@type\":\"BreadcrumbList\",\"@id\":\"https:\\\/\\\/flobian.com\\\/en\\\/#breadcrumb\",\"itemListElement\":[{\"@type\":\"ListItem\",\"position\":1,\"name\":\"Home\",\"item\":\"https:\\\/\\\/flobian.com\\\/en\\\/\"},{\"@type\":\"ListItem\",\"position\":2,\"name\":\"Home\"}]},{\"@type\":\"WebSite\",\"@id\":\"https:\\\/\\\/flobian.com\\\/#website\",\"url\":\"https:\\\/\\\/flobian.com\\\/\",\"name\":\"Flobian\",\"description\":\"Prirodno re\u0161enje protiv nadutosti\",\"potentialAction\":[{\"@type\":\"SearchAction\",\"target\":{\"@type\":\"EntryPoint\",\"urlTemplate\":\"https:\\\/\\\/flobian.com\\\/?s={search_term_string}\"},\"query-input\":{\"@type\":\"PropertyValueSpecification\",\"valueRequired\":true,\"valueName\":\"search_term_string\"}}],\"inLanguage\":\"en-US\"}]}<\/script>\n<!-- \/ Yoast SEO plugin. -->","yoast_head_json":{"title":"Flobian - Natural choice for flatulence","robots":{"index":"index","follow":"follow","max-snippet":"max-snippet:-1","max-image-preview":"max-image-preview:large","max-video-preview":"max-video-preview:-1"},"canonical":"https:\/\/flobian.com\/en\/","og_locale":"en_US","og_type":"article","og_title":"Ose\u0107a\u0161 se naduto? Smetaju ti gasovi u stomaku? - Flobian","og_description":"Nadutost i gasovi u stomaku su veoma naporni i neprijatni. Olak\u0161ajte sebi \u017eivot i elimini\u0161ete gasove uz pomo\u0107 prirodnog preparata - Flobian. Garantovano!","og_url":"https:\/\/flobian.com\/en\/","og_site_name":"Flobian","article_modified_time":"2023-02-28T11:16:09+00:00","twitter_card":"summary_large_image","twitter_image":"https:\/\/flobian.com\/wp-content\/uploads\/2020\/12\/1200x628-1.jpg","twitter_misc":{"Est. reading time":"9 minutes"},"schema":{"@context":"https:\/\/schema.org","@graph":[{"@type":"WebPage","@id":"https:\/\/flobian.com\/en\/","url":"https:\/\/flobian.com\/en\/","name":"Flobian - Natural choice for flatulence","isPartOf":{"@id":"https:\/\/flobian.com\/#website"},"primaryImageOfPage":{"@id":"https:\/\/flobian.com\/en\/#primaryimage"},"image":{"@id":"https:\/\/flobian.com\/en\/#primaryimage"},"thumbnailUrl":"https:\/\/flobian.com\/wp-content\/uploads\/2020\/12\/1200x628-1.jpg","datePublished":"2018-04-30T09:22:00+00:00","dateModified":"2023-02-28T11:16:09+00:00","breadcrumb":{"@id":"https:\/\/flobian.com\/en\/#breadcrumb"},"inLanguage":"en-US","potentialAction":[{"@type":"ReadAction","target":["https:\/\/flobian.com\/en\/"]}]},{"@type":"ImageObject","inLanguage":"en-US","@id":"https:\/\/flobian.com\/en\/#primaryimage","url":"https:\/\/flobian.com\/wp-content\/uploads\/2020\/12\/1200x628-1.jpg","contentUrl":"https:\/\/flobian.com\/wp-content\/uploads\/2020\/12\/1200x628-1.jpg","width":1200,"height":628},{"@type":"BreadcrumbList","@id":"https:\/\/flobian.com\/en\/#breadcrumb","itemListElement":[{"@type":"ListItem","position":1,"name":"Home","item":"https:\/\/flobian.com\/en\/"},{"@type":"ListItem","position":2,"name":"Home"}]},{"@type":"WebSite","@id":"https:\/\/flobian.com\/#website","url":"https:\/\/flobian.com\/","name":"Flobian","description":"Prirodno re\u0161enje protiv nadutosti","potentialAction":[{"@type":"SearchAction","target":{"@type":"EntryPoint","urlTemplate":"https:\/\/flobian.com\/?s={search_term_string}"},"query-input":{"@type":"PropertyValueSpecification","valueRequired":true,"valueName":"search_term_string"}}],"inLanguage":"en-US"}]}},"_links":{"self":[{"href":"https:\/\/flobian.com\/en\/wp-json\/wp\/v2\/pages\/536","targetHints":{"allow":["GET"]}}],"collection":[{"href":"https:\/\/flobian.com\/en\/wp-json\/wp\/v2\/pages"}],"about":[{"href":"https:\/\/flobian.com\/en\/wp-json\/wp\/v2\/types\/page"}],"author":[{"embeddable":true,"href":"https:\/\/flobian.com\/en\/wp-json\/wp\/v2\/users\/397"}],"replies":[{"embeddable":true,"href":"https:\/\/flobian.com\/en\/wp-json\/wp\/v2\/comments?post=536"}],"version-history":[{"count":2,"href":"https:\/\/flobian.com\/en\/wp-json\/wp\/v2\/pages\/536\/revisions"}],"predecessor-version":[{"id":2981,"href":"https:\/\/flobian.com\/en\/wp-json\/wp\/v2\/pages\/536\/revisions\/2981"}],"wp:featuredmedia":[{"embeddable":true,"href":"https:\/\/flobian.com\/en\/wp-json\/wp\/v2\/media\/2457"}],"wp:attachment":[{"href":"https:\/\/flobian.com\/en\/wp-json\/wp\/v2\/media?parent=536"}],"curies":[{"name":"wp","href":"https:\/\/api.w.org\/{rel}","templated":true}]}}